{"id":98,"date":"2016-03-17T17:49:43","date_gmt":"2016-03-17T15:49:43","guid":{"rendered":"http:\/\/fpv.team\/?page_id=98"},"modified":"2016-06-01T17:24:44","modified_gmt":"2016-06-01T15:24:44","slug":"kas-mes","status":"publish","type":"page","link":"https:\/\/fpv.team\/en\/lt-fpv\/kas-mes\/","title":{"rendered":"Kas mes?"},"content":{"rendered":"<h5>Trumpa istorija:<\/h5>\n<p><a href=\"https:\/\/plus.google.com\/u\/1\/communities\/110608604456189000990\">Grup\u0117 G+<\/a> atsirado 2015 pavasar\u012f &#8211; bet visi dalyviai RC hobyje atsirado kur kas anks\u010diau. I\u0161 prad\u017ei\u0173 tiesiog dalinom\u0117s gif&#8217;ais, video, paskui prad\u0117jome organizuoti ir susitikimus per t\u0105 pat\u012f G+. 2016 met\u0173 prad\u017eioje grup\u0117je buvo apie pusantro \u0161imto dalyvi\u0173, bet aktyvi\u0173 nedaug &#8211; ~10. 2016 met\u0173 vasario pabaigoje buvo prarasta nema\u017eai grup\u0117s turinio, kai buvo i\u0161trinta ABL paskyra &#8211; bet gi visk\u0105 galima pakeisti ir padaryti i\u0161 naujo. Ma\u017edaug tuo pat metu grup\u0117 buvo pervardinta i\u0161 &#8220;FPV LT&#8221; \u012f &#8220;LT-FPV&#8221; (kad i\u0161vengti painiavos su pana\u0161aus pavadinimo domain). Per nepilnus metus vien G+ grup\u0117s pagalba susiorganizavome 2 didelius susitikimus (Lietuvos mastais), tikim\u0117s kad ta tendencija i\u0161liks ir toliau.<\/p>\n<h5>Kas yra LT-FPV:<\/h5>\n<p>Grup\u0117s dalyviu gali b\u016bti bet kas &#8211; mes neribojame \u017emoni\u0173 pagal am\u017ei\u0173, profesij\u0105 ar sugeb\u0117jimus &#8211; priimami visi.<br \/>\nPaskraidyti su mumis &#8211; irgi gali kiekvienas, mes t\u0105 darome beveik kasdien geru oru (Vilniuje).<br \/>\nKitas reikalas yra su LT-FPV komanda, kur mes surinksime rinktinius dalyvius. Rinktin\u0117s tikslas &#8211; atstovauti LT-FPV prie\u0161 kitas komandas. Ten bus pakviesti i\u0161siskiriantys dalyviai (t.y. gerai skraidantys, nusimanantys apie technik\u0105, dirbantys su video ar kita media ir t.t.).<\/p>\n<h5>Grup\u0117s branduolys ir atsakomyb\u0117s:<\/h5>\n<ul>\n<li>Andrius Narbutas aka ABLomas\/ABL &#8211; techniniai, organizaciniai klausimai, LT-FPV pradininkas (<a href=\"http:\/\/lag.lt\/\">Web<\/a>\/<a href=\"https:\/\/vimeo.com\/abl\">Vimeo<\/a>\/<a href=\"https:\/\/plus.google.com\/u\/1\/+AndriusNarbutas_ABL\/posts\">G+<\/a>)<\/li>\n<li>Darius Matijo\u0161aitis aka stiklaz &#8211; techniniai, organizaciniai klausimai, lenktyni\u0173 organizatorius (<a href=\"http:\/\/meskeliaujam.lt\/\">Web<\/a>\/<a href=\"https:\/\/www.youtube.com\/user\/stiklaz\">YouTube<\/a>\/<a href=\"https:\/\/www.facebook.com\/stiklaz\">FB<\/a>)<\/li>\n<li>Tadas Sukackas aka TadasSu &#8211; dalyvis nuo pirm\u0173 dien\u0173, web integracija (?) (<a href=\"https:\/\/www.youtube.com\/channel\/UCYpAoPIFSCHrNxjkS2Xdd5Q\">YouTube<\/a>)<\/li>\n<li>Arminas Volskis aka Arm1s &#8211; aktyvus dalyvis, informacijos platinimas ir grup\u0117s populiarinimas (?) (<a href=\"https:\/\/www.youtube.com\/channel\/UCRhKqiDB5RNRVUyVQIQ6gPw\">YouTube<\/a>\/<a href=\"https:\/\/www.facebook.com\/arminas.volskis\">FB<\/a>)<\/li>\n<li>Almantas Ra\u0161kauskas aka #\u010diagialmantas \ud83d\ude09 &#8211; aktyvus dalyvis, grup\u0117s populiarinimas, lipdukai, v\u0117liav\u0117l\u0117s ir kt. \u012franga. (<a href=\"https:\/\/www.youtube.com\/user\/Raske22\/videos\">YouTube<\/a>)<\/li>\n<\/ul>\n<p>Taip pat turime daug pagalbinink\u0173 &#8211; Vofka, Audrius, Laimonas&#8230;.<br \/>\nNor\u0117dami su mumis susisiekti u\u017epildykite \u0161i\u0105 form\u0105:<br \/>\n<div style=\"display:none\" class=\"fm-form-container fm-theme10\"><div id=\"fm-pages11\" class=\"fm-pages wdform_page_navigation \" show_title=\"false\" show_numbers=\"true\" type=\"none\"><\/div><form name=\"form11\" action=\"\/en\/wp-json\/wp\/v2\/pages\/98\" method=\"post\" id=\"form11\" class=\"fm-form form11  \" enctype=\"multipart\/form-data\"><input type=\"hidden\" id=\"fm_page_id11\" value=\"98\" name=\"fm_page_id11\" \/><input type=\"hidden\" id=\"fm_current_post_type11\" value=\"page\" name=\"fm_current_post_type11\" \/><input type=\"hidden\" id=\"counter11\" value=\"7\" name=\"counter11\" \/><input type=\"hidden\" id=\"Itemid11\" value=\"\" name=\"Itemid11\" \/><input type=\"hidden\" id=\"fm_shake11\" value=\"1\" name=\"fm_shake11\" \/><input type=\"text\" class=\"fm-hide\" id=\"fm_empty_field_validation11\" value=\"\" name=\"fm_empty_field_validation11\" data-value=\"bd736efb144d599cf463541431fbf5c4\" \/><div class=\"wdform-page-and-images\" style=\"display:table; border-top:0px solid black;\"><div id=\"11form_view1\" class=\"wdform_page\" page_title=\"Untitled page\" next_title=\"Next\" next_type=\"text\" next_class=\"wdform-page-button\" next_checkable=\"false\" previous_title=\"Previous\" previous_type=\"text\" previous_class=\"wdform-page-button\" previous_checkable=\"false\"><div class=\"wdform_section\"><div class=\"wdform_column \"><div wdid=\"1\" class=\"wdform_row \"><div type=\"type_name\" class=\"wdform-field wd-width-100 wd-flex wd-flex-column fm-type_name\" ><div class=\"wdform-label-section wd-width-100  wd-flex-row\" style=\"max-width: 70px;\">    <label  for=\"wdform_1_element_first11\" class=\"wdform-label\">Prisistatykite:<\/label><\/div><div class=\"wdform-element-section wd-flex  wd-flex-row wd-width-100\" style=\"max-width: 100px;\"><div class=\"wd-flex wd-flex-column wd-width-50\"><input type=\"text\" class=\"wd-width-100\" id=\"wdform_1_element_first11\" name=\"wdform_1_element_first11\" data-value=\"\" value=\"\" title=\"\" placeholder=\"\"  \/><label class=\"mini_label\" for=\"wdform_1_element_first11\">Vardas<\/label><\/div><div class=\"wd-flex wd-flex-column wd-name-separator\"><\/div><div class=\"wd-flex wd-flex-column wd-width-50\"><input type=\"text\" class=\"wd-width-100\" id=\"wdform_1_element_last11\" name=\"wdform_1_element_last11\" data-value=\"\" value=\"\" title=\"\" placeholder=\"\"  \/><label class=\"mini_label\" for=\"wdform_1_element_last11\">Pavard\u0117<\/label><\/div><\/div><\/div><\/div><div wdid=\"2\" class=\"wdform_row \"><div type=\"type_submitter_mail\" class=\"wdform-field wd-width-100 wd-flex wd-flex-column fm-type_submitter_mail\" ><div class=\"wdform-label-section wd-width-100  wd-flex-row\" style=\"max-width: 200px;\">    <label  for=\"wdform_2_element11\" class=\"wdform-label\">Elektroninis pa\u0161tas (tik atsakymams - mes nesiun\u010diame reklamos):<\/label><span class=\"wdform-required\">*<\/span><\/div><div class=\"wdform-element-section wd-flex  wd-flex-row wd-width-100\" style=\"max-width: 200px;\"><input type=\"text\" class=\"wd-width-100\" id=\"wdform_2_element11\" name=\"wdform_2_element11\" data-value=\"\" value=\"\" title=\"\" placeholder=\"\"   onchange=\"wd_check_email('2', '11', 'This is not a valid email address.')\" \/><\/div><\/div><\/div><div wdid=\"3\" class=\"wdform_row \"><div type=\"type_text\" class=\"wdform-field wd-width-100 wd-flex wd-flex-column fm-type_text\" ><div class=\"wdform-label-section wd-width-100  wd-flex-row wd-align-items-center\" style=\"max-width: 70px;\">    <label  for=\"wdform_3_element11\" class=\"wdform-label\">Tema:<\/label><\/div><div class=\"wdform-element-section wd-flex  wd-flex-row wd-align-items-center wd-width-100\" style=\"max-width: 200px;\"><input type=\"text\"                           class=\"wd-width-100\"                           id=\"wdform_3_element11\"                           name=\"wdform_3_element11\"                           value=\"\"                           data-value=\"\"                           title=\"\"                           placeholder=\"\"                                                       \/><\/div><\/div><\/div><div wdid=\"4\" class=\"wdform_row \"><div type=\"type_textarea\" class=\"wdform-field wd-width-100 wd-flex wd-flex-column fm-type_textarea\" ><div class=\"wdform-label-section wd-width-100 \" style=\"max-width: 70px;\">    <label  for=\"wdform_4_element11\" class=\"wdform-label\">\u017dinut\u0117:<\/label><span class=\"wdform-required\">*<\/span><\/div><div class=\"wdform-element-section wd-flex  wd-width-100\" style=\"max-width: 200px;\"><textarea class=\"wd-width-100\"                      id=\"wdform_4_element11\"                      name=\"wdform_4_element11\"                      placeholder=\"\"                      data-value=\"\"                      maxlength=\"\"                      style=\"height: 100px;\"                      ><\/textarea><\/div><\/div><\/div><div style=\"\" class=\"wdform_row \" wdid=\"6\"><div type=\"type_captcha\" class=\"wdform-field wd-width-100 wd-flex wd-flex-column fm-type_captcha\" ><div class=\"wdform-label-section wd-width-100  wd-flex-row wd-align-items-center\" style=\"max-width: 200px;\">    <label  for=\"wd_captcha_input11\" class=\"wdform-label\">\u012eveskite raides:<\/label><\/div><div class=\"wdform-element-section wd-flex  wd-flex-row wd-align-items-center wd-width-100\" ><img decoding=\"async\" type=\"captcha\"                           digit=\"6\"                           src=\" https:\/\/fpv.team\/wp-admin\/admin-ajax.php?action=formmakerwdcaptcha&digit=6&i=11\"                           id=\"wd_captcha11\"                           class=\"captcha_img wd-hidden\"                            \/><div class=\"captcha_refresh\" id=\"_element_refresh11\" ><\/div><input type=\"text\"                              class=\"captcha_input\"                              id=\"wd_captcha_input11\"                              name=\"captcha_input\"                              style=\"width: 80px;\"                               \/><\/div><\/div><\/div><div wdid=\"5\" class=\"wdform_row \"><div type=\"type_submit_reset\" class=\"wdform-field wd-width-100 wd-flex wd-flex-column fm-type_submit_reset\" ><div class=\"wdform-element-section wd-flex  wd-flex-row wd-width-100\" ><button  type=\"button\" class=\"button-submit\" onclick=\"fm_submit_form('11');\"  data-ajax=\"0\"><span class=\"fm-submit-loading spinner fm-ico-spinner\"><\/span>Submit<\/button><button  type=\"button\" class=\"button-reset \" onclick=\"fm_reset_form(11);\" >Reset<\/button><\/div><\/div><\/div><\/div><\/div><div valign=\"top\" class=\"wdform_footer\" style=\"width: 100%;\"><div style=\"width: 100%;\"><div style=\"width: 100%; display: table;\"><div style=\"display: table-row-group;\"><div id=\"11page_nav1\" style=\"display: table-row;\"><\/div><\/div><\/div><\/div><\/div><\/div><\/div><div class=\"wdform_preload\"><\/div><input type=\"hidden\" name=\"fm-current-page\" value=\"https:\/\/fpv.team\/en\/wp-json\/wp\/v2\/pages\/98\" \/><\/form><\/div>\n","protected":false},"excerpt":{"rendered":"<p>Trumpa istorija: Grup\u0117 G+ atsirado 2015 pavasar\u012f &#8211; bet visi dalyviai RC hobyje atsirado kur kas anks\u010diau. I\u0161 prad\u017ei\u0173 tiesiog dalinom\u0117s gif&#8217;ais, video, paskui prad\u0117jome organizuoti ir susitikimus per t\u0105 pat\u012f G+. 2016 met\u0173 prad\u017eioje grup\u0117je buvo apie pusantro \u0161imto &hellip; <a href=\"https:\/\/fpv.team\/en\/lt-fpv\/kas-mes\/\">Continued<\/a><\/p>\n","protected":false},"author":1,"featured_media":0,"parent":121,"menu_order":0,"comment_status":"closed","ping_status":"closed","template":"","meta":{"footnotes":""},"class_list":["post-98","page","type-page","status-publish","hentry"],"translation":{"provider":"WPGlobus","version":"3.0.0","language":"en","enabled_languages":["lt","en"],"languages":{"lt":{"title":true,"content":true,"excerpt":false},"en":{"title":false,"content":false,"excerpt":false}}},"_links":{"self":[{"href":"https:\/\/fpv.team\/en\/wp-json\/wp\/v2\/pages\/98","targetHints":{"allow":["GET"]}}],"collection":[{"href":"https:\/\/fpv.team\/en\/wp-json\/wp\/v2\/pages"}],"about":[{"href":"https:\/\/fpv.team\/en\/wp-json\/wp\/v2\/types\/page"}],"author":[{"embeddable":true,"href":"https:\/\/fpv.team\/en\/wp-json\/wp\/v2\/users\/1"}],"replies":[{"embeddable":true,"href":"https:\/\/fpv.team\/en\/wp-json\/wp\/v2\/comments?post=98"}],"version-history":[{"count":9,"href":"https:\/\/fpv.team\/en\/wp-json\/wp\/v2\/pages\/98\/revisions"}],"predecessor-version":[{"id":1018,"href":"https:\/\/fpv.team\/en\/wp-json\/wp\/v2\/pages\/98\/revisions\/1018"}],"up":[{"embeddable":true,"href":"https:\/\/fpv.team\/en\/wp-json\/wp\/v2\/pages\/121"}],"wp:attachment":[{"href":"https:\/\/fpv.team\/en\/wp-json\/wp\/v2\/media?parent=98"}],"curies":[{"name":"wp","href":"https:\/\/api.w.org\/{rel}","templated":true}]}}