{"id":844,"date":"2016-09-01T15:30:54","date_gmt":"2016-09-01T13:30:54","guid":{"rendered":"http:\/\/fpv.team\/?page_id=844"},"modified":"2016-09-15T09:26:41","modified_gmt":"2016-09-15T07:26:41","slug":"2016-3-lenktynesfpv-susitikimas-dienotvarke-tikslai","status":"publish","type":"page","link":"https:\/\/fpv.team\/en\/lenktynes\/2016-3-lenktynesfpv-susitikimas-dienotvarke-tikslai\/","title":{"rendered":"2016-3 race\/FPV meet &#8211; schedule, ideas"},"content":{"rendered":"<p>Purpose of the meeting &#8211; FPV\/AP meeting, together with race. My idea &#8211; do mix from three events &#8211; earlier FPV\/AP meetings, copter race and plane formation flying.<\/p>\n<p>I would also like to minimize organizational part &#8211; maximum air time, minimum waiting, minimum management, maximum fun together.<\/p>\n<p>Copter races will be split into two parts &#8211; qualification part (also will work as &#8220;heats&#8221;) where you should go maximize lap amount, minimize your average and get minimum lap time; and finals, where you do the same, but only 8 best pilots will participate. Aiplane part &#8211; formation flight and &#8220;mass-free-for-all flights&#8221; together.<\/p>\n<p>Participants &#8211; everyone who was participating in earlier FPV\/AP meetings, our race events, airplane pilots. No specific requirements for race, but earlier &#8220;persona-non-grata&#8221; list is still valid. We hope that everyone will be friendly, happy and will try to resolve all issues between pilots in peacefull way, like it was in earlier meetings.<\/p>\n<p>Place &#8211; <a href=\"https:\/\/goo.gl\/maps\/G8c5uWKVmbq\">Smilga residence, \u0160akali\u0161ki\u0173 km<\/a>. (detailed info later)<\/p>\n<p><strong>Food<\/strong> &#8211; take for yourself, grills available, water too (pub available in ~3km from race place)<strong><br \/>\n<\/strong><\/p>\n<p><strong>Sleeping<\/strong> &#8211; tents! Last chance to sleep outside and this is really cool area to do so (far away from cities). Maybe there are sleeping places in few kilometers, will update if it&#8217;s available.<strong><br \/>\n<\/strong><\/p>\n<p><strong>Radio frequencies<\/strong> &#8211; please, do NOT turn your equipment when others are flying. First of all, even on &#8220;Free for all&#8221; time &#8211; check if you see any image in googles, before turning on VTX.<strong><br \/>\n<\/strong><\/p>\n<p><strong>Planned schedule:<br \/>\n<\/strong><\/p>\n<ul>\n<li>09.17:\n<ul>\n<li>10:00 arrival, registration, tents and so on (you can arrive earlier, but probably no one will be here).<br \/>\n<strong>RF usage &#8211; free for all, at own risk<\/strong><\/li>\n<li>10:30 track walk-around, rules, selecting groups for copters.<br \/>\n<strong>RF usage &#8211; only race members or LoS<\/strong><\/li>\n<li>11:00 copter warm-up (2 rounds for each group). Points won&#8217;t be calculated,<br \/>\n<strong>RF usage &#8211; only race members or LoS<\/strong><\/li>\n<li>11:30 copter qualification round starts. Timers are on, points are collected on trackers.<br \/>\n<strong>RF usage &#8211; only race members or LoS<\/strong><\/li>\n<li>14:00 break.<br \/>\n<strong>RF usage &#8211; free for all, at own risk<\/strong><\/li>\n<li>15:00 copter qualification part 2. The same pilots, different groups (if wanted), the same frequencies.<br \/>\n<strong>RF usage &#8211; only race members or LoS<\/strong><\/li>\n<li>18:00 end of qualification, break.<br \/>\n<strong>RF usage &#8211; free for all, at own risk<\/strong><\/li>\n<li>18:30 formation airplane flight.<br \/>\n<strong>RF usage &#8211; only flight members or LoS<\/strong><\/li>\n<li>19:45 mass flight (really lots of stuff in air).<br \/>\n<strong>RF usage &#8211; free for all, survival mode, LoS recommended (VTX off)<br \/>\n<\/strong><\/li>\n<li>21:30 NIGHT class finals (if we manage to finish equipment).<br \/>\n<strong>RF usage &#8211; only race members or LoS<\/strong><\/li>\n<li>23:00 free program (beer, BBQ, guitars and so on), results by points,<br \/>\n<strong>RF usage &#8211; free for all until morning<\/strong><\/li>\n<\/ul>\n<\/li>\n<li>09.18:\n<ul>\n<li>8:30 breakfast,free program.<br \/>\n<strong>RF usage &#8211; free for all, at own risk<\/strong><\/li>\n<li>10:00 FreeStyle competition.<br \/>\n<strong>RF usage &#8211; only race members or LoS<\/strong><\/li>\n<li>10:45 copter qualification, part three. Absolute priority &#8211; for those coming on second-day only.<br \/>\n<strong>RF usage &#8211; only race members or LoS<\/strong><\/li>\n<li>12:15 PRO class finals.<br \/>\n<strong>RF usage &#8211; only race members or LoS<\/strong><\/li>\n<li>14:45 break.<br \/>\n<strong>RF usage &#8211; free for all, at own risk<\/strong><\/li>\n<li>15:30 awards<\/li>\n<li>16:00 free program,<br \/>\n<strong>RF usage &#8211; free for all<\/strong><\/li>\n<\/ul>\n<\/li>\n<\/ul>\n","protected":false},"excerpt":{"rendered":"<p>Purpose of the meeting &#8211; FPV\/AP meeting, together with race. My idea &#8211; do mix from three events &#8211; earlier FPV\/AP meetings, copter race and plane formation flying. I would also like to minimize organizational part &#8211; maximum air time, &hellip; <a href=\"https:\/\/fpv.team\/en\/lenktynes\/2016-3-lenktynesfpv-susitikimas-dienotvarke-tikslai\/\">Continued<\/a><\/p>\n","protected":false},"author":1,"featured_media":0,"parent":35,"menu_order":0,"comment_status":"closed","ping_status":"closed","template":"","meta":{"footnotes":""},"class_list":["post-844","page","type-page","status-publish","hentry"],"translation":{"provider":"WPGlobus","version":"3.0.0","language":"en","enabled_languages":["lt","en"],"languages":{"lt":{"title":true,"content":true,"excerpt":false},"en":{"title":true,"content":true,"excerpt":false}}},"_links":{"self":[{"href":"https:\/\/fpv.team\/en\/wp-json\/wp\/v2\/pages\/844","targetHints":{"allow":["GET"]}}],"collection":[{"href":"https:\/\/fpv.team\/en\/wp-json\/wp\/v2\/pages"}],"about":[{"href":"https:\/\/fpv.team\/en\/wp-json\/wp\/v2\/types\/page"}],"author":[{"embeddable":true,"href":"https:\/\/fpv.team\/en\/wp-json\/wp\/v2\/users\/1"}],"replies":[{"embeddable":true,"href":"https:\/\/fpv.team\/en\/wp-json\/wp\/v2\/comments?post=844"}],"version-history":[{"count":6,"href":"https:\/\/fpv.team\/en\/wp-json\/wp\/v2\/pages\/844\/revisions"}],"predecessor-version":[{"id":936,"href":"https:\/\/fpv.team\/en\/wp-json\/wp\/v2\/pages\/844\/revisions\/936"}],"up":[{"embeddable":true,"href":"https:\/\/fpv.team\/en\/wp-json\/wp\/v2\/pages\/35"}],"wp:attachment":[{"href":"https:\/\/fpv.team\/en\/wp-json\/wp\/v2\/media?parent=844"}],"curies":[{"name":"wp","href":"https:\/\/api.w.org\/{rel}","templated":true}]}}