{"id":812,"date":"2016-09-01T12:42:28","date_gmt":"2016-09-01T10:42:28","guid":{"rendered":"http:\/\/fpv.team\/?page_id=812"},"modified":"2016-10-03T16:32:48","modified_gmt":"2016-10-03T14:32:48","slug":"savaites-lyga","status":"publish","type":"page","link":"https:\/\/fpv.team\/en\/lenktynes\/savaites-lyga\/","title":{"rendered":"&#8220;Savait\u0117s lyga&#8221;"},"content":{"rendered":"<h4 style=\"text-align: left;\">Lenktyni\u0173 s\u0105ra\u0161as<\/h4>\n<p>1.\u00a0<a href=\"http:\/\/fpv.team\/lt-fpv-treciadienio-lyga\/\">2016-07-27 Lenktyn\u0117s Nemen\u010din\u0117je.<\/a><\/p>\n<p>2.\u00a0<a href=\"http:\/\/fpv.team\/lt-fpv-treciadienio-lyga-2016-08-03-rezultatai\/\">2016-08-03 Lenktyn\u0117s Nemen\u010din\u0117je.<\/a><\/p>\n<p>3.\u00a0<a href=\"http:\/\/fpv.team\/lt-fpv-treciadienio-lyga-2016-08-10-rezultatai\/\">2016-08-10 Lenktyn\u0117s kirtimuose prie Tapeli\u0173 e\u017e.<\/a><\/p>\n<p>4.\u00a0<a href=\"http:\/\/fpv.team\/lt-fpv-treciadienio-lyga-2016-08-17-rezultatai\/\">2016-08-17 Lenktyn\u0117s Belmonte.<\/a><\/p>\n<p>5.\u00a0<a href=\"http:\/\/fpv.team\/lt-fpv-savaites-lyga-2016-08-24-rezultatai\/\">2016-08-23 Lenktyn\u0117s Kair\u0117nuose.<\/a><\/p>\n<p>6.\u00a0<a href=\"http:\/\/fpv.team\/lt-fpv-savaites-lyga-2016-08-31-rezultatai\/\">2016-08-31 Lenktyn\u0117s Belmonte.<\/a><\/p>\n<p>7.\u00a0<a href=\"http:\/\/fpv.team\/lt-fpv-savaites-lyga-2016-09-07-rezultatai\/\">2016-09-07 Lenktyn\u0117s Rie\u0161\u0117je.<\/a><\/p>\n<p>8.\u00a0<a href=\"http:\/\/fpv.team\/lt-fpv-savaites-lyga-2016-09-14-rezultatai\/\">2016-09-14 Lenktyn\u0117s Verkiuose.<\/a><\/p>\n<p>9.\u00a0<a href=\"http:\/\/fpv.team\/lt-fpv-savaites-lyga-2016-09-21-rezultatai\/\">2016-09-21 Lenktyn\u0117s Kair\u0117n\u0173 mi\u0161ke.<\/a><\/p>\n<p>10.\u00a0<a href=\"http:\/\/fpv.team\/lt-fpv-savaites-lyga-2016-10-02-rezultatai\/\">2016-10-02 Lenktyn\u0117s mi\u0161ke prie Tapeli\u0173 e\u017e.<\/a><\/p>\n<h4>Rezultatai<\/h4>\n<h4><a href=\"http:\/\/fpv.team\/wp-content\/uploads\/2016\/09\/SavaitesLyga.png\"><img loading=\"lazy\" decoding=\"async\" class=\"alignnone wp-image-989 size-full\" src=\"http:\/\/fpv.team\/wp-content\/uploads\/2016\/09\/SavaitesLyga.png\" alt=\"savaiteslyga\" width=\"968\" height=\"791\" srcset=\"https:\/\/fpv.team\/wp-content\/uploads\/2016\/09\/SavaitesLyga.png 968w, https:\/\/fpv.team\/wp-content\/uploads\/2016\/09\/SavaitesLyga-300x245.png 300w, https:\/\/fpv.team\/wp-content\/uploads\/2016\/09\/SavaitesLyga-768x628.png 768w\" sizes=\"auto, (max-width: 968px) 100vw, 968px\" \/><\/a><\/h4>\n<p>* Pirmose trijose sezono lenktyn\u0117se ta\u0161kai ir rat\u0173 skai\u010dius nebuvo skai\u010diuojami.<\/p>\n<h4><\/h4>\n<h4>&#8220;Savait\u0117s lygos&#8221; Taisykl\u0117s<\/h4>\n<ul>\n<li>Lenktyn\u0117s vykst\u0105 kiekvien\u0105 savait\u0119, vasaros metu tre\u010diadieniais, rudens metu kai vakarai trumpi &#8211; sekmadieniais.<\/li>\n<li>Lenktyni\u0173 vieta paskelbiama puslapyje v\u0117liausiai 1 dien\u0105 prie\u0161 lenktynes.<\/li>\n<li>Dalyvauti gali visi norintys, registruotis i\u0161 anksto nereikia.<\/li>\n<li>Reikia tur\u0117ti 5v servo jungt\u012f transponderiui.<\/li>\n<li>Vtx galia neturi vir\u0161yti 25mw.<\/li>\n<li>Lenktyn\u0117se naudojami video kanalai\u00a0<strong>5645 \/ 5705 \/ 5800 \/ 5865 <\/strong>.<\/li>\n<li>Skrendama pagal taimer\u012f (paskutini\u0173 rungtyni\u0173 dalyviai tur\u0117jo prog\u0105 i\u0161m\u0117ginti pana\u0161i\u0105 schem\u0105) &#8211; 90-180 sekund\u017ei\u0173 (arba 60-180 sekund\u017ei\u0173, jei bus trys ar daugiau komand\u0173):\n<ul>\n<li>i\u0161 kiekvienos komandos i\u0161sirenkamas vienas pilotas, atsakingas u\u017e taimerio paleidim\u0105, pagal nutyl\u0117jim\u0105 &#8211; skrendantis ma\u017eiausiu da\u017eniu (darbo nedaug, susitarti kas t\u0105 darys &#8211; nesunku, galima daryti netgi &#8220;slenkan\u010diu re\u017eimu&#8221; grup\u0117je)<\/li>\n<li>prie\u0161inink\u0173 komanda paleid\u017eia 3min. (180s) taimer\u012f, kita komanda startuoja. Skrendama iki pasibaigs taimeris (bus garsinis signalas), leid\u017eiama u\u017ebaigti rat\u0105, jei praskrista daugiau nei 20% trasos iki garsinio signalo prad\u017eios<\/li>\n<li>kai visi nusileid\u017eia &#8211; prie\u0161inink\u0173 komandos pilotas paleid\u017eia 90s (1 minut\u0117s jei yra 3 komandos ir daugiau) taimer\u012f ir eina ruo\u0161tis. Skridusi komanda tuo metu susirenka savo \u012frang\u0105 i\u0161 trasos, kuo grei\u010diau i\u0161jungia VTX<\/li>\n<li>po 1 minut\u0117s taimerio skrenda visi, kas yra ant startinio kilim\u0117lio. Kas nepasiruo\u0161\u0119\/nesp\u0117jo\/negali &#8211; praleid\u017eia rat\u0105 ir laukia\/ruo\u0161iasi\/taiso. Sekan\u010dios komandos pilotas paleid\u017eia 3min. taimer\u012f ir ciklas kartojas<\/li>\n<\/ul>\n<p>Tokiu b\u016bdu &#8211; <span style=\"text-decoration: underline;\">kiekviena komanda u\u017eims tras\u0105 ne daugiau 5&#8217;kioms minut\u0117ms<\/span>, nereiks papildomos prie\u017ei\u016bros trasoje (nes visos komandos nori skristi) ir rungtyn\u0117s vyks greitesniu tempu. Skamba komplikuotai? Nesijaudinkit, taip n\u0117ra, mes jau i\u0161m\u0117ginome t\u0105 sistem\u0105, viskas paprasta jau po antro rato!<br \/>\nKitos taisykl\u0117s lieka kaip buv\u0119 &#8211; (nukritai &#8211; lauki pakol visi baigs skraidyti ir tik tada susirenki kopter\u012f, skrendama trasa, praleisti trasos elementai kartojami ir t.t.)<\/li>\n<li>Akivaizdu, kad nesilaikan\u010di\u0173 taisykli\u0173 pakankamai (susirinkin\u0117ja kopterius nuo trasos ir t.t.), tod\u0117l <strong>ry\u0161kios spalvos liemen\u0117s ar kt. ry\u0161ki apranga &#8211; privaloma<\/strong>. Tai grei\u010diausiai n\u0117ra problema &#8211; ry\u0161ki\u0105 liemen\u0119 ve\u017eiojat\u0117s automobilyje, kaip to reikalauja KET&#8230;<\/li>\n<li>Savait\u0117s nugal\u0117tojo vertinimo sistema lieka ta pati &#8211; minimalus rato \u012fveikimo laikas<\/li>\n<li>Papildomai atsiranda ir kita vertinimo sistema &#8211; kaupiamoji. Gal pasirodys sud\u0117tingai, bet i\u0161 tikro nieko sud\u0117tingo \u010dia n\u0117ra &#8211; tiesiog kitas matavimo b\u016bdas. Kam to reikia? Nes grei\u010diausi\u0105 rat\u0105 galima padaryti vien\u0105 kart\u0105, sudau\u017eyti kopter\u012f ir paskui tiesiog steb\u0117ti kaip kiti skrenda. Su kita ta\u0161k\u0173 sistema mes \u012fvertinsime vidutin\u012f rato \u012fveikimo greit\u012f, bendr\u0105 \u012fveikt\u0173 rat\u0173 skai\u010di\u0173, grei\u010diausio rato laik\u0105 &#8211; t.y. bus vertinami visi pagrindiniai skryd\u017eio elementai, vien praskridus vien\u0105 rat\u0105 grei\u010diausiai &#8211; daugiausia ta\u0161k\u0173 nepavyks gauti. Formul\u0117 n\u0117ra ideali visoms trasoms, bet visi dalyviai bus vertinami pagal vien\u0105 sistem\u0105. Kas dar smagiau &#8211; tai ta\u0161kai kaupsis per sezon\u0105 &#8211; ir sezono pabaigoje tur\u0117sim nugal\u0117toj\u0105!<br \/>\nFormul\u0117 tokia: <strong>(45-RAT\u0172_VIDURKIS)+(RAT\u0172_SKAI\u010cIUS\/10)+(20-GREI\u010cIAUSIAS_RATAS)\/3)<\/strong><br \/>\nPatiems skai\u010diuoti nereik\u0117s, visk\u0105 padarysim automati\u0161kai. &#8220;Neigiam\u0173 ta\u0161k\u0173&#8221; nebus (nors pagal formul\u0119 gali pasitaikyti skrendant ypa\u010d l\u0117tai ir nedaug) &#8211; jie bus prilyginami nuliui.<\/li>\n<li><span style=\"text-decoration: underline;\">Rungtyn\u0117s vyks tokia tvarka:<\/span>\n<ul>\n<li>Prad\u017eioje &#8211; du pilni ciklai &#8220;ap\u0161ilimui&#8221; &#8211; t.y. laikai neskai\u010diuojami, arba rezultatai ignoruojami. Visos komandos gauna 2x 3min. skryd\u017eius susipa\u017einimui su trasa, tvarkomis ir \u012frangos ap\u0161ildymui.<\/li>\n<li>Rungtyn\u0117s startuoja &#8211; skrendami pilni 6 ciklai (t.y. kiekviena komanda turi praskristi po 6x 3min. skryd\u017eius). \u0160ie laikai yra \u012fskaitiniai, pagal juos bus skai\u010diuojami ta\u0161kai<\/li>\n<li>Pasibaigus 6 ciklams &#8211; pagal pageidavim\u0105 skrendama toliau, naudojantis taimeriais. \u012e kaupiam\u0105j\u0105 lentel\u0119 rezultatai nepapuls, bet geriausio rato rekordo galima siekti ir jis bus u\u017eskaitytas.<\/li>\n<\/ul>\n<\/li>\n<\/ul>\n","protected":false},"excerpt":{"rendered":"<p>Lenktyni\u0173 s\u0105ra\u0161as 1.\u00a02016-07-27 Lenktyn\u0117s Nemen\u010din\u0117je. 2.\u00a02016-08-03 Lenktyn\u0117s Nemen\u010din\u0117je. 3.\u00a02016-08-10 Lenktyn\u0117s kirtimuose prie Tapeli\u0173 e\u017e. 4.\u00a02016-08-17 Lenktyn\u0117s Belmonte. 5.\u00a02016-08-23 Lenktyn\u0117s Kair\u0117nuose. 6.\u00a02016-08-31 Lenktyn\u0117s Belmonte. 7.\u00a02016-09-07 Lenktyn\u0117s Rie\u0161\u0117je. 8.\u00a02016-09-14 Lenktyn\u0117s Verkiuose. 9.\u00a02016-09-21 Lenktyn\u0117s Kair\u0117n\u0173 mi\u0161ke. 10.\u00a02016-10-02 Lenktyn\u0117s mi\u0161ke prie Tapeli\u0173 e\u017e. Rezultatai &hellip; <a href=\"https:\/\/fpv.team\/en\/lenktynes\/savaites-lyga\/\">Continued<\/a><\/p>\n","protected":false},"author":2,"featured_media":0,"parent":35,"menu_order":0,"comment_status":"closed","ping_status":"closed","template":"","meta":{"footnotes":""},"class_list":["post-812","page","type-page","status-publish","hentry"],"translation":{"provider":"WPGlobus","version":"3.0.0","language":"en","enabled_languages":["lt","en"],"languages":{"lt":{"title":true,"content":true,"excerpt":false},"en":{"title":false,"content":false,"excerpt":false}}},"_links":{"self":[{"href":"https:\/\/fpv.team\/en\/wp-json\/wp\/v2\/pages\/812","targetHints":{"allow":["GET"]}}],"collection":[{"href":"https:\/\/fpv.team\/en\/wp-json\/wp\/v2\/pages"}],"about":[{"href":"https:\/\/fpv.team\/en\/wp-json\/wp\/v2\/types\/page"}],"author":[{"embeddable":true,"href":"https:\/\/fpv.team\/en\/wp-json\/wp\/v2\/users\/2"}],"replies":[{"embeddable":true,"href":"https:\/\/fpv.team\/en\/wp-json\/wp\/v2\/comments?post=812"}],"version-history":[{"count":27,"href":"https:\/\/fpv.team\/en\/wp-json\/wp\/v2\/pages\/812\/revisions"}],"predecessor-version":[{"id":833,"href":"https:\/\/fpv.team\/en\/wp-json\/wp\/v2\/pages\/812\/revisions\/833"}],"up":[{"embeddable":true,"href":"https:\/\/fpv.team\/en\/wp-json\/wp\/v2\/pages\/35"}],"wp:attachment":[{"href":"https:\/\/fpv.team\/en\/wp-json\/wp\/v2\/media?parent=812"}],"curies":[{"name":"wp","href":"https:\/\/api.w.org\/{rel}","templated":true}]}}