{"id":699,"date":"2016-08-08T09:29:47","date_gmt":"2016-08-08T07:29:47","guid":{"rendered":"http:\/\/fpv.team\/?page_id=699"},"modified":"2016-08-18T18:31:26","modified_gmt":"2016-08-18T16:31:26","slug":"ir-davikliai-sarasai-informacija","status":"publish","type":"page","link":"https:\/\/fpv.team\/en\/iranga\/ir-davikliai-sarasai-informacija\/","title":{"rendered":"IR davikliai &#8211; s\u0105ra\u0161ai, informacija"},"content":{"rendered":"<p>Laikui b\u0117gant IR davikli\u0173 (dar \u017einom\u0173 kaip &#8220;transponderiai&#8221;, nors tai ne visai teisingas \u017eodis) atsirado daugiau. Jei kas darys savo daviklius &#8211; susitikrinkite pagal lentel\u0119, kad netur\u0117tum\u0117te pasikartojan\u010di\u0173 ID:<\/p>\n<table style=\"border: 1px solid;\" width=\"473\">\n<tbody>\n<tr>\n<th style=\"background-color: #cccccc;\" width=\"82\"><strong>ID<\/strong><\/th>\n<th style=\"background-color: #cccccc;\" width=\"391\"><strong>Paskirta<\/strong><\/th>\n<\/tr>\n<tr>\n<td>0\u20269<\/td>\n<td>Rezervuota &#8211; dinaminiai ID<\/td>\n<\/tr>\n<tr>\n<td>10,11<\/td>\n<td>Rezervuota &#8211; seni transponderiai<\/td>\n<\/tr>\n<tr>\n<td>12<\/td>\n<td>ABL<\/td>\n<\/tr>\n<tr>\n<td>13<\/td>\n<td>Vofka<\/td>\n<\/tr>\n<tr>\n<td>14<\/td>\n<td>Vilkas<\/td>\n<\/tr>\n<tr>\n<td>15<\/td>\n<td>Laisvas?<\/td>\n<\/tr>\n<tr>\n<td>17<\/td>\n<td>Almantas<\/td>\n<\/tr>\n<tr>\n<td>16, 18&#8230;29<\/td>\n<td>Dalinami per &#8220;Tre\u010diadienio lyg\u0105&#8221;<\/td>\n<\/tr>\n<tr>\n<td>30&#8230;39<\/td>\n<td>&#8220;Ro\u017einiai&#8221; lenktyni\u0173 transponderiai<\/td>\n<\/tr>\n<tr>\n<td style=\"background-color: #ebf1de;\">40<\/td>\n<td style=\"background-color: #ebf1de;\">Laisvas<\/td>\n<\/tr>\n<tr>\n<td>41&#8230;42<\/td>\n<td>Darius<\/td>\n<\/tr>\n<tr>\n<td>42&#8230;45<\/td>\n<td>Rezervuota &#8211; Darius<\/td>\n<\/tr>\n<tr>\n<td style=\"background-color: #ebf1de;\">46&#8230;50<\/td>\n<td style=\"background-color: #ebf1de;\">Laisvi<\/td>\n<\/tr>\n<tr>\n<td>50, 55<\/td>\n<td>Viktoras<\/td>\n<\/tr>\n<tr>\n<td style=\"background-color: #ebf1de;\">51&#8230;54<\/td>\n<td style=\"background-color: #ebf1de;\">Laisvi<\/td>\n<\/tr>\n<tr>\n<td style=\"background-color: #ebf1de;\">56&#8230;59<\/td>\n<td style=\"background-color: #ebf1de;\">Laisvi<\/td>\n<\/tr>\n<tr>\n<td>60, 61<\/td>\n<td>Audrius<\/td>\n<\/tr>\n<tr>\n<td style=\"background-color: #ebf1de;\">62, 63<\/td>\n<td style=\"background-color: #ebf1de;\">Laisvi<\/td>\n<\/tr>\n<\/tbody>\n<\/table>\n<p>EDIT: <strong>pereiname prie bendros sistemos su transponderi\u0173 ID: LT-LV-EE<\/strong>. Dabartin\u012f paskirstym\u0105 galite per\u017ei\u016br\u0117ti \u010dia:<\/p>\n<p><a href=\"https:\/\/docs.google.com\/spreadsheets\/d\/1VfFLnodnWN126SK_5_jgFmItpdYZwrEwE__2adVE7Qs\/edit#gid=0\">https:\/\/docs.google.com\/spreadsheets\/d\/1VfFLnodnWN126SK_5_jgFmItpdYZwrEwE__2adVE7Qs\/edit#gid=0<\/a><\/p>\n<p>Kai visi pasikeis savo ID &#8211; pa\u0161alinsime lentel\u0119. Jei neskraidote su mumis ir neplanuojate va\u017eiuoti \u012f lenktynes LV\/EE &#8211; tada, be abejo, numeravimas neaktualus.<\/p>\n<p>&nbsp;<\/p>\n<p>Jei nesate LT-FPV komandoje, bet skraidote su mumis ir norite tur\u0117ti pastov\u0173 ID (kad paskui nereikt\u0173 pagal skai\u010diukus bandyti atsp\u0117ti &#8220;kas geriausias&#8221;, ar tur\u0117ti ilgalaik\u0119 statistik\u0105), tai galite pasidaryti savo daviklius. Vieneto kaina gaunasi nuo 4\u20ac (darant kelis ir perkant dalis u\u017esienyje) iki 8\u20ac (perkant dalis LT, darant vien\u0105 vienet\u0105). Jei darysite savo &#8211; informuokite mus &#8211; suvesime \u012f lentel\u0119, kad kiti nepasiimt\u0173 t\u0173 ID, taip pat susiesime rat\u0173 skai\u010diuokl\u0117je su vardu.<\/p>\n<p>Darykit i\u0161kart bent jau tris transponderius (galima ir su vienu ID) &#8211; jie turi tendencij\u0105 b\u016bt pamesti, sulau\u017eyti, sudeginti ir kitais b\u016bdais sunaikinti.<\/p>\n<p>Ruo\u0161iantis lenktyn\u0117ms band\u0117me daug variant\u0173, bet apsistojome prie \u017eemiau apra\u0161yto. Jei norisi patikrinto varianto &#8211; \u017eemiau pateiktas receptas (kei\u010diamo ID transponderiai &#8211; problemos su besikei\u010dian\u010diu ID; vieno LED variantas &#8211; nepatikimas ne\u0161iojam\u0173 vart\u0173 atveju; originali schema &#8211; generuoja daug klaiding\u0173 nuskaitym\u0173). Nuo originalios schemos skiriasi tik dvi smulkmenos &#8211; 4.7\u03a9 rezistorius vietoje 10\u03a9, prid\u0117ti kondensatoriai \u012f\u0117jime. Galima praleisti dar vien\u0105 rezistori\u0173 ir LED &#8211; taip schema bus dar paprastesn\u0117:<\/p>\n<p>PCB: <a href=\"https:\/\/oshpark.com\/shared_projects\/4ZlOlKub\">https:\/\/oshpark.com\/shared_projects\/4ZlOlKub<\/a> (didel\u0117s, bet dauguma atvej\u0173 atitinka kopterio plot\u012f &#8211; patogu)<\/p>\n<p>D\u0117\u017eut\u0117 transponderiui (jei yra galimyb\u0117 atsispausdinti), geriausia i\u0161 ry\u0161kaus plastiko: <a href=\"http:\/\/www.thingiverse.com\/thing:1645732\">http:\/\/www.thingiverse.com\/thing:1645732<\/a><\/p>\n<p>Dali\u0173 s\u0105ra\u0161as (i\u0161 LT, sudar\u0117 Darius):<\/p>\n<p><a href=\"https:\/\/www.lemona.lt\/?page=item&amp;i_id=b9da8c78aed15cc57011b55d23bd4dd4\">https:\/\/www.lemona.lt\/?page=item&amp;i_id=b9da8c78aed15cc57011b55d23bd4dd4<\/a><br \/>\n<a href=\"https:\/\/www.lemona.lt\/?page=item&amp;i_id=5ce9648aea8aac0ba1623a5ddf883dc5\">https:\/\/www.lemona.lt\/?page=item&amp;i_id=5ce9648aea8aac0ba1623a5ddf883dc5<\/a><br \/>\n<a href=\"https:\/\/www.lemona.lt\/?page=item&amp;i_id=ca13bdeffb8a11ccab6593e5fd202dcb\">https:\/\/www.lemona.lt\/?page=item&amp;i_id=ca13bdeffb8a11ccab6593e5fd202dcb<\/a><br \/>\n<a href=\"https:\/\/www.lemona.lt\/?page=item&amp;i_id=43251\">https:\/\/www.lemona.lt\/?page=item&amp;i_id=43251<\/a><br \/>\n<a href=\"https:\/\/www.lemona.lt\/?page=item&amp;i_id=104136\">https:\/\/www.lemona.lt\/?page=item&amp;i_id=104136<\/a><br \/>\n<a href=\"https:\/\/www.lemona.lt\/?page=item&amp;i_id=43207\">https:\/\/www.lemona.lt\/?page=item&amp;i_id=43207<\/a><\/p>\n<p>Galima sutaupyti perkant dalis u\u017esienyje (patikrinta &#8211; ABL):<\/p>\n<p>Attiny85: <a href=\"http:\/\/www.ebay.co.uk\/itm\/272153119660\">http:\/\/www.ebay.co.uk\/itm\/272153119660<\/a> ar <a href=\"http:\/\/www.ebay.co.uk\/itm\/272153119804\">http:\/\/www.ebay.co.uk\/itm\/272153119804<\/a><\/p>\n<p>Surinkimas labai paprastas net ir nedirbus su SMD dalimis:<\/p>\n<ol>\n<li>Ap\u0161vei\u010diam plok\u0161\u010di\u0173 \u0161onus, kad neb\u016bt\u0173 a\u0161tr\u016bs. Daug fliuso, padengiam lydmetaliu, prilituojam rezistorius ir tranzistori\u0173:<br \/>\n<a href=\"http:\/\/fpv.team\/wp-content\/uploads\/2016\/08\/trans_1.jpg\"><img loading=\"lazy\" decoding=\"async\" class=\"alignnone size-medium wp-image-702\" src=\"http:\/\/fpv.team\/wp-content\/uploads\/2016\/08\/trans_1-300x200.jpg\" alt=\"trans_1\" width=\"300\" height=\"200\" srcset=\"https:\/\/fpv.team\/wp-content\/uploads\/2016\/08\/trans_1-300x200.jpg 300w, https:\/\/fpv.team\/wp-content\/uploads\/2016\/08\/trans_1-768x512.jpg 768w, https:\/\/fpv.team\/wp-content\/uploads\/2016\/08\/trans_1-1024x682.jpg 1024w, https:\/\/fpv.team\/wp-content\/uploads\/2016\/08\/trans_1.jpg 1400w\" sizes=\"auto, (max-width: 300px) 100vw, 300px\" \/><\/a><\/li>\n<li>Jei daromi keli transponderiai &#8211; patogiau pasidaryti minimal\u0173 palengvinim\u0105 attiny85 fla\u0161inimui. Tam papras\u010diausia b\u016bt\u0173 paimti vien\u0105 plok\u0161t\u0119, prie attiny85 aik\u0161tel\u0117s prilituoti USBASP laidus (pakra\u0161\u010diuose):<br \/>\n<a href=\"http:\/\/fpv.team\/wp-content\/uploads\/2016\/08\/attiny85_pinout.png\"><img loading=\"lazy\" decoding=\"async\" class=\"alignnone size-medium wp-image-713\" src=\"http:\/\/fpv.team\/wp-content\/uploads\/2016\/08\/attiny85_pinout-300x91.png\" alt=\"attiny85_pinout\" width=\"300\" height=\"91\" srcset=\"https:\/\/fpv.team\/wp-content\/uploads\/2016\/08\/attiny85_pinout-300x91.png 300w, https:\/\/fpv.team\/wp-content\/uploads\/2016\/08\/attiny85_pinout.png 500w\" sizes=\"auto, (max-width: 300px) 100vw, 300px\" \/><\/a><br \/>\n<a href=\"http:\/\/fpv.team\/wp-content\/uploads\/2016\/08\/trans_2.jpg\"><img loading=\"lazy\" decoding=\"async\" class=\"alignnone size-medium wp-image-703\" src=\"http:\/\/fpv.team\/wp-content\/uploads\/2016\/08\/trans_2-300x200.jpg\" alt=\"trans_2\" width=\"300\" height=\"200\" srcset=\"https:\/\/fpv.team\/wp-content\/uploads\/2016\/08\/trans_2-300x200.jpg 300w, https:\/\/fpv.team\/wp-content\/uploads\/2016\/08\/trans_2-768x512.jpg 768w, https:\/\/fpv.team\/wp-content\/uploads\/2016\/08\/trans_2-1024x682.jpg 1024w, https:\/\/fpv.team\/wp-content\/uploads\/2016\/08\/trans_2.jpg 1400w\" sizes=\"auto, (max-width: 300px) 100vw, 300px\" \/><\/a><\/li>\n<li>Tada u\u017etenka <a href=\"https:\/\/github.com\/polyvision\/EasyRaceLapTimer\/blob\/master\/Arduino\/TransmitterAttiny85v0.3\/TransmitterAttiny85v0.3.ino\">atsidaryti reikiam\u0105 kod\u0105<\/a> (pasikeiskite ID, u\u017ekomentuokite mygtuko dal\u012f), u\u017ed\u0117ti attiny85 ant plok\u0161t\u0117s, prispausti kuo nors mink\u0161tu (pel\u0117s kilim\u0117lis tam puikiai tinka) ir tiesiog flashinti bootloader\u012f, o tada ir vis\u0105 kod\u0105:<br \/>\n<a href=\"http:\/\/fpv.team\/wp-content\/uploads\/2016\/08\/trans_3.jpg\"><img loading=\"lazy\" decoding=\"async\" class=\"alignnone size-medium wp-image-705\" src=\"http:\/\/fpv.team\/wp-content\/uploads\/2016\/08\/trans_3-300x200.jpg\" alt=\"trans_3\" width=\"300\" height=\"200\" srcset=\"https:\/\/fpv.team\/wp-content\/uploads\/2016\/08\/trans_3-300x200.jpg 300w, https:\/\/fpv.team\/wp-content\/uploads\/2016\/08\/trans_3-768x512.jpg 768w, https:\/\/fpv.team\/wp-content\/uploads\/2016\/08\/trans_3-1024x682.jpg 1024w, https:\/\/fpv.team\/wp-content\/uploads\/2016\/08\/trans_3.jpg 1400w\" sizes=\"auto, (max-width: 300px) 100vw, 300px\" \/><\/a><\/li>\n<li>Suflashinus nepamir\u0161kit pasi\u017eym\u0117ti ID, prilituoti attiny85 ant plok\u0161t\u0117s, prilituoti IR diodus. Taip pat tiesiai ant maitinimo skylu\u010di\u0173 lituojam kondensatori\u0173 &#8211; tinka tantaliniai ~10\u03bcF, ar keraminiai 1-10\u03bcF (keraminiai ka\u017ekiek saugiau, elektrolitiniai netinka). Nuplaunam, u\u017epur\u0161kiam laku (jei reikia kad b\u016bt\u0173 atsparus dr\u0117gmei):<br \/>\n<a href=\"http:\/\/fpv.team\/wp-content\/uploads\/2016\/08\/trans_4.jpg\"><img loading=\"lazy\" decoding=\"async\" class=\"alignnone size-medium wp-image-704\" src=\"http:\/\/fpv.team\/wp-content\/uploads\/2016\/08\/trans_4-300x200.jpg\" alt=\"trans_4\" width=\"300\" height=\"200\" srcset=\"https:\/\/fpv.team\/wp-content\/uploads\/2016\/08\/trans_4-300x200.jpg 300w, https:\/\/fpv.team\/wp-content\/uploads\/2016\/08\/trans_4-768x512.jpg 768w, https:\/\/fpv.team\/wp-content\/uploads\/2016\/08\/trans_4-1024x682.jpg 1024w, https:\/\/fpv.team\/wp-content\/uploads\/2016\/08\/trans_4.jpg 1400w\" sizes=\"auto, (max-width: 300px) 100vw, 300px\" \/><\/a><\/li>\n<li>Tada belieka \u012fd\u0117t \u012f d\u0117\u017eut\u0119, u\u017esiklijuoti su kar\u0161tais klijais\/termokembriku\/velcro &#8211; ir pirmyn \u012f tras\u0105!<br \/>\n<a href=\"http:\/\/fpv.team\/wp-content\/uploads\/2016\/08\/trans_5.jpg\"><img loading=\"lazy\" decoding=\"async\" class=\"alignnone size-medium wp-image-706\" src=\"http:\/\/fpv.team\/wp-content\/uploads\/2016\/08\/trans_5-300x200.jpg\" alt=\"trans_5\" width=\"300\" height=\"200\" srcset=\"https:\/\/fpv.team\/wp-content\/uploads\/2016\/08\/trans_5-300x200.jpg 300w, https:\/\/fpv.team\/wp-content\/uploads\/2016\/08\/trans_5-768x512.jpg 768w, https:\/\/fpv.team\/wp-content\/uploads\/2016\/08\/trans_5-1024x682.jpg 1024w, https:\/\/fpv.team\/wp-content\/uploads\/2016\/08\/trans_5.jpg 1400w\" sizes=\"auto, (max-width: 300px) 100vw, 300px\" \/><\/a><\/li>\n<\/ol>\n<p>Kaip montuoti transponderius ant kopterio <a href=\"http:\/\/fpv.team\/iranga\/iranga-laiko-matavimo-sistema\/\">buvo min\u0117ta kitame straipsnelyje<\/a>. Preliminariai patikrinti, ar viskas gerai galite su mobiliu telefonu &#8211; \u012fjunkite kamer\u0105 ir nukreipkite \u012f IR LED &#8211; turi matytis violetinis \u0161vyt\u0117jimas telefono per\u017ei\u016broje.<\/p>\n","protected":false},"excerpt":{"rendered":"<p>Laikui b\u0117gant IR davikli\u0173 (dar \u017einom\u0173 kaip &#8220;transponderiai&#8221;, nors tai ne visai teisingas \u017eodis) atsirado daugiau. Jei kas darys savo daviklius &#8211; susitikrinkite pagal lentel\u0119, kad netur\u0117tum\u0117te pasikartojan\u010di\u0173 ID: ID Paskirta 0\u20269 Rezervuota &#8211; dinaminiai ID 10,11 Rezervuota &#8211; seni &hellip; <a href=\"https:\/\/fpv.team\/en\/iranga\/ir-davikliai-sarasai-informacija\/\">Continued<\/a><\/p>\n","protected":false},"author":1,"featured_media":0,"parent":89,"menu_order":0,"comment_status":"open","ping_status":"open","template":"","meta":{"footnotes":""},"class_list":["post-699","page","type-page","status-publish","hentry"],"translation":{"provider":"WPGlobus","version":"3.0.0","language":"en","enabled_languages":["lt","en"],"languages":{"lt":{"title":true,"content":true,"excerpt":false},"en":{"title":false,"content":false,"excerpt":false}}},"_links":{"self":[{"href":"https:\/\/fpv.team\/en\/wp-json\/wp\/v2\/pages\/699","targetHints":{"allow":["GET"]}}],"collection":[{"href":"https:\/\/fpv.team\/en\/wp-json\/wp\/v2\/pages"}],"about":[{"href":"https:\/\/fpv.team\/en\/wp-json\/wp\/v2\/types\/page"}],"author":[{"embeddable":true,"href":"https:\/\/fpv.team\/en\/wp-json\/wp\/v2\/users\/1"}],"replies":[{"embeddable":true,"href":"https:\/\/fpv.team\/en\/wp-json\/wp\/v2\/comments?post=699"}],"version-history":[{"count":12,"href":"https:\/\/fpv.team\/en\/wp-json\/wp\/v2\/pages\/699\/revisions"}],"predecessor-version":[{"id":1400,"href":"https:\/\/fpv.team\/en\/wp-json\/wp\/v2\/pages\/699\/revisions\/1400"}],"up":[{"embeddable":true,"href":"https:\/\/fpv.team\/en\/wp-json\/wp\/v2\/pages\/89"}],"wp:attachment":[{"href":"https:\/\/fpv.team\/en\/wp-json\/wp\/v2\/media?parent=699"}],"curies":[{"name":"wp","href":"https:\/\/api.w.org\/{rel}","templated":true}]}}