{"id":527,"date":"2016-06-26T19:26:34","date_gmt":"2016-06-26T17:26:34","guid":{"rendered":"http:\/\/fpv.team\/?page_id=527"},"modified":"2016-09-01T09:58:46","modified_gmt":"2016-09-01T07:58:46","slug":"trasos-schema-2016-2","status":"publish","type":"page","link":"https:\/\/fpv.team\/en\/archyvas\/2016-antros-lenktynes\/trasos-schema-2016-2\/","title":{"rendered":"Track schematics, arrival"},"content":{"rendered":"<p>Location: 56\u00b000&#8217;48.0&#8243;N 25\u00b028&#8217;41.6&#8243;E &#8211; near \u017diobi\u0161kis village, district of Roki\u0161kis.<br \/>\nArrival from Latvia &#8211; drive trough Degsniai village, turn right.<\/p>\n<p>Link to map: <a href=\"https:\/\/goo.gl\/maps\/nnG1ZPGaPZJ2\">https:\/\/goo.gl\/maps\/nnG1ZPGaPZJ2<\/a><\/p>\n<p>Arrival and important points on map:<br \/>\n<a href=\"http:\/\/fpv.team\/wp-content\/uploads\/2016\/06\/2_varzybos_bendras.jpg\"><img loading=\"lazy\" decoding=\"async\" class=\"alignnone size-full wp-image-528\" src=\"http:\/\/fpv.team\/wp-content\/uploads\/2016\/06\/2_varzybos_bendras.jpg\" alt=\"2_varzybos_bendras_m\" width=\"1000\" height=\"1161\" \/><\/a><br \/>\nTrack schematics, areas:<br \/>\n<a href=\"http:\/\/fpv.team\/wp-content\/uploads\/2016\/06\/2_varzybos_schema2.jpg\"><img loading=\"lazy\" decoding=\"async\" class=\"alignnone size-full wp-image-529\" src=\"http:\/\/fpv.team\/wp-content\/uploads\/2016\/06\/2_varzybos_schema2.jpg\" alt=\"2_varzybos\" width=\"1000\" height=\"2372\" \/><\/a><br \/>\nNotes:<\/p>\n<ul>\n<li>Toilet will be near entry to track<\/li>\n<li>We will use gates on track (not marked on map)<\/li>\n<li>Local shops are small and sell only basic wares, so pick anything special you need from home<\/li>\n<li>Hot meals available, see details on <a href=\"http:\/\/fpv.team\/2016-sezono-antros-varzybos-vieta-detales\/\">this post<\/a><\/li>\n<li>We have reserved place for tents, also there&#8217;s a house where can fit ~14 pilots &#8211; no need to drive home immediately after race<\/li>\n<\/ul>\n","protected":false},"excerpt":{"rendered":"<p>Location: 56\u00b000&#8217;48.0&#8243;N 25\u00b028&#8217;41.6&#8243;E &#8211; near \u017diobi\u0161kis village, district of Roki\u0161kis. Arrival from Latvia &#8211; drive trough Degsniai village, turn right. Link to map: https:\/\/goo.gl\/maps\/nnG1ZPGaPZJ2 Arrival and important points on map: Track schematics, areas: Notes: Toilet will be near entry to &hellip; <a href=\"https:\/\/fpv.team\/en\/archyvas\/2016-antros-lenktynes\/trasos-schema-2016-2\/\">Continued<\/a><\/p>\n","protected":false},"author":1,"featured_media":0,"parent":639,"menu_order":0,"comment_status":"closed","ping_status":"closed","template":"","meta":{"footnotes":""},"class_list":["post-527","page","type-page","status-publish","hentry"],"translation":{"provider":"WPGlobus","version":"3.0.0","language":"en","enabled_languages":["lt","en"],"languages":{"lt":{"title":true,"content":true,"excerpt":false},"en":{"title":true,"content":true,"excerpt":false}}},"_links":{"self":[{"href":"https:\/\/fpv.team\/en\/wp-json\/wp\/v2\/pages\/527","targetHints":{"allow":["GET"]}}],"collection":[{"href":"https:\/\/fpv.team\/en\/wp-json\/wp\/v2\/pages"}],"about":[{"href":"https:\/\/fpv.team\/en\/wp-json\/wp\/v2\/types\/page"}],"author":[{"embeddable":true,"href":"https:\/\/fpv.team\/en\/wp-json\/wp\/v2\/users\/1"}],"replies":[{"embeddable":true,"href":"https:\/\/fpv.team\/en\/wp-json\/wp\/v2\/comments?post=527"}],"version-history":[{"count":8,"href":"https:\/\/fpv.team\/en\/wp-json\/wp\/v2\/pages\/527\/revisions"}],"predecessor-version":[{"id":867,"href":"https:\/\/fpv.team\/en\/wp-json\/wp\/v2\/pages\/527\/revisions\/867"}],"up":[{"embeddable":true,"href":"https:\/\/fpv.team\/en\/wp-json\/wp\/v2\/pages\/639"}],"wp:attachment":[{"href":"https:\/\/fpv.team\/en\/wp-json\/wp\/v2\/media?parent=527"}],"curies":[{"name":"wp","href":"https:\/\/api.w.org\/{rel}","templated":true}]}}