{"id":49,"date":"2016-03-08T13:02:51","date_gmt":"2016-03-08T11:02:51","guid":{"rendered":"http:\/\/fpv.team\/?page_id=49"},"modified":"2016-06-01T17:23:42","modified_gmt":"2016-06-01T15:23:42","slug":"komandos-logo","status":"publish","type":"page","link":"https:\/\/fpv.team\/en\/lt-fpv\/komandos-logo\/","title":{"rendered":"Komandos logo"},"content":{"rendered":"<p>Logo, kuriuos galima panaudoti ant video (skaidrus PNG) &#8211; spauskite ant paveiksliuko kad gauti original\u0105, 1920x1080px:<\/p>\n<ul>\n<li>juodas logo:<br \/>\n<a href=\"http:\/\/fpv.team\/wp-content\/uploads\/2016\/03\/fpv_video_juodas.png\" rel=\"attachment wp-att-52\"><img loading=\"lazy\" decoding=\"async\" class=\"alignnone size-medium wp-image-52\" src=\"http:\/\/fpv.team\/wp-content\/uploads\/2016\/03\/fpv_video_juodas-300x169.png\" alt=\"fpv_video_juodas\" width=\"300\" height=\"169\" srcset=\"https:\/\/fpv.team\/wp-content\/uploads\/2016\/03\/fpv_video_juodas-300x169.png 300w, https:\/\/fpv.team\/wp-content\/uploads\/2016\/03\/fpv_video_juodas-768x432.png 768w, https:\/\/fpv.team\/wp-content\/uploads\/2016\/03\/fpv_video_juodas-1024x576.png 1024w, https:\/\/fpv.team\/wp-content\/uploads\/2016\/03\/fpv_video_juodas.png 1920w\" sizes=\"auto, (max-width: 300px) 100vw, 300px\" \/><\/a><\/li>\n<li>baltas logo:<br \/>\n<a href=\"http:\/\/fpv.team\/wp-content\/uploads\/2016\/03\/fpv_video_baltas.png\" rel=\"attachment wp-att-50\"><img loading=\"lazy\" decoding=\"async\" class=\"alignnone size-medium wp-image-50\" src=\"http:\/\/fpv.team\/wp-content\/uploads\/2016\/03\/fpv_video_baltas-300x169.png\" alt=\"fpv_video_baltas\" width=\"300\" height=\"169\" srcset=\"https:\/\/fpv.team\/wp-content\/uploads\/2016\/03\/fpv_video_baltas-300x169.png 300w, https:\/\/fpv.team\/wp-content\/uploads\/2016\/03\/fpv_video_baltas-768x432.png 768w, https:\/\/fpv.team\/wp-content\/uploads\/2016\/03\/fpv_video_baltas-1024x576.png 1024w, https:\/\/fpv.team\/wp-content\/uploads\/2016\/03\/fpv_video_baltas.png 1920w\" sizes=\"auto, (max-width: 300px) 100vw, 300px\" \/><\/a><\/li>\n<li>geltonas logo (specifiniams video):<br \/>\n<a href=\"http:\/\/fpv.team\/wp-content\/uploads\/2016\/03\/fpv_video_geltonas.png\" rel=\"attachment wp-att-51\"><img loading=\"lazy\" decoding=\"async\" class=\"alignnone size-medium wp-image-51\" src=\"http:\/\/fpv.team\/wp-content\/uploads\/2016\/03\/fpv_video_geltonas-300x169.png\" alt=\"fpv_video_geltonas\" width=\"300\" height=\"169\" srcset=\"https:\/\/fpv.team\/wp-content\/uploads\/2016\/03\/fpv_video_geltonas-300x169.png 300w, https:\/\/fpv.team\/wp-content\/uploads\/2016\/03\/fpv_video_geltonas-768x432.png 768w, https:\/\/fpv.team\/wp-content\/uploads\/2016\/03\/fpv_video_geltonas-1024x576.png 1024w, https:\/\/fpv.team\/wp-content\/uploads\/2016\/03\/fpv_video_geltonas.png 1920w\" sizes=\"auto, (max-width: 300px) 100vw, 300px\" \/><\/a><\/li>\n<\/ul>\n<p>Ma\u017eas logo, tinkamas naudoti kaip \u017eenkliukas:<br \/>\n<a href=\"http:\/\/fpv.team\/wp-content\/uploads\/2016\/03\/fpv_web-1.jpg\" rel=\"attachment wp-att-53\"><img loading=\"lazy\" decoding=\"async\" class=\"alignnone size-full wp-image-53\" src=\"http:\/\/fpv.team\/wp-content\/uploads\/2016\/03\/fpv_web-1.jpg\" alt=\"fpv_web\" width=\"180\" height=\"104\" \/><\/a><br \/>\nDXF &#8211; vektorinis variantas (\u0161ablon\u0173 pjovimui lazeriu, lipdukams ir t.t.):<br \/>\n<a href=\"http:\/\/fpv.team\/wp-content\/uploads\/2016\/03\/fpv_logo.zip\" rel=\"\">DXF fpv.team logo<\/a><br \/>\nDXF &#8211; vektorinis variantas (\u0161ablonams ir pan.) su &#8220;i\u0161kirptomis&#8221; raid\u0117mis (t.y. i\u0161pjovus logo visi reikalingi elementai liks pritvirtinti):<br \/>\n<a href=\"http:\/\/fpv.team\/wp-content\/uploads\/2016\/03\/fpv_logo_prakirptas.zip\" rel=\"\">DXF fpv.team logo, su i\u0161kirpimais<\/a><\/p>\n","protected":false},"excerpt":{"rendered":"<p>Logo, kuriuos galima panaudoti ant video (skaidrus PNG) &#8211; spauskite ant paveiksliuko kad gauti original\u0105, 1920x1080px: juodas logo: baltas logo: geltonas logo (specifiniams video): Ma\u017eas logo, tinkamas naudoti kaip \u017eenkliukas: DXF &#8211; vektorinis variantas (\u0161ablon\u0173 pjovimui lazeriu, lipdukams ir t.t.): &hellip; <a href=\"https:\/\/fpv.team\/en\/lt-fpv\/komandos-logo\/\">Continued<\/a><\/p>\n","protected":false},"author":1,"featured_media":0,"parent":121,"menu_order":0,"comment_status":"open","ping_status":"closed","template":"","meta":{"footnotes":""},"class_list":["post-49","page","type-page","status-publish","hentry"],"translation":{"provider":"WPGlobus","version":"3.0.0","language":"en","enabled_languages":["lt","en"],"languages":{"lt":{"title":true,"content":true,"excerpt":false},"en":{"title":false,"content":false,"excerpt":false}}},"_links":{"self":[{"href":"https:\/\/fpv.team\/en\/wp-json\/wp\/v2\/pages\/49","targetHints":{"allow":["GET"]}}],"collection":[{"href":"https:\/\/fpv.team\/en\/wp-json\/wp\/v2\/pages"}],"about":[{"href":"https:\/\/fpv.team\/en\/wp-json\/wp\/v2\/types\/page"}],"author":[{"embeddable":true,"href":"https:\/\/fpv.team\/en\/wp-json\/wp\/v2\/users\/1"}],"replies":[{"embeddable":true,"href":"https:\/\/fpv.team\/en\/wp-json\/wp\/v2\/comments?post=49"}],"version-history":[{"count":7,"href":"https:\/\/fpv.team\/en\/wp-json\/wp\/v2\/pages\/49\/revisions"}],"predecessor-version":[{"id":452,"href":"https:\/\/fpv.team\/en\/wp-json\/wp\/v2\/pages\/49\/revisions\/452"}],"up":[{"embeddable":true,"href":"https:\/\/fpv.team\/en\/wp-json\/wp\/v2\/pages\/121"}],"wp:attachment":[{"href":"https:\/\/fpv.team\/en\/wp-json\/wp\/v2\/media?parent=49"}],"curies":[{"name":"wp","href":"https:\/\/api.w.org\/{rel}","templated":true}]}}