{"id":1304,"date":"2017-09-24T19:50:32","date_gmt":"2017-09-24T17:50:32","guid":{"rendered":"http:\/\/fpv.team\/?page_id=1304"},"modified":"2017-09-26T08:26:53","modified_gmt":"2017-09-26T06:26:53","slug":"lektuvu-lenktynes-ivyko-rezultatai-2","status":"publish","type":"page","link":"https:\/\/fpv.team\/en\/lektuvu-lenktynes-ivyko-rezultatai-2\/","title":{"rendered":"L\u0117ktuv\u0173 lenktyn\u0117s \u012fvyko &#8211; rezultatai!"},"content":{"rendered":"<p><a href=\"http:\/\/fpv.team\/wp-content\/uploads\/2017\/09\/DSC02096_DxO.jpg\"><img loading=\"lazy\" decoding=\"async\" class=\"alignnone size-large wp-image-1305\" src=\"http:\/\/fpv.team\/wp-content\/uploads\/2017\/09\/DSC02096_DxO-1024x576.jpg\" alt=\"\" width=\"1024\" height=\"576\" srcset=\"https:\/\/fpv.team\/wp-content\/uploads\/2017\/09\/DSC02096_DxO-1024x576.jpg 1024w, https:\/\/fpv.team\/wp-content\/uploads\/2017\/09\/DSC02096_DxO-300x169.jpg 300w, https:\/\/fpv.team\/wp-content\/uploads\/2017\/09\/DSC02096_DxO-768x432.jpg 768w, https:\/\/fpv.team\/wp-content\/uploads\/2017\/09\/DSC02096_DxO.jpg 2048w\" sizes=\"auto, (max-width: 1024px) 100vw, 1024px\" \/><\/a><\/p>\n<p>Antrosios LT-FPV l\u0117ktuv\u0173 lenktyn\u0117s baig\u0117si.<\/p>\n<p>A\u010di\u016b visiems dalyvavusiems, taip pat ir tiesiog palaikantiems ar lankytojams. D\u017eiugu, kad kad dauguma nenuleido rank\u0173 jei ka\u017ekas nepavyko ir spar\u010diai keit\u0117 l\u0117ktuvus, reguliavo \u012franga, ir b\u0117go skristi toliau.<\/p>\n<p>Rungtyni\u0173 rezultatai:<\/p>\n<table style=\"height: 164px;\" border=\"1\" width=\"897\">\n<tbody>\n<tr>\n<td width=\"98\"><strong>Pilotas<\/strong><\/td>\n<td width=\"81\"><strong>Pagr. Etapas<\/strong><\/td>\n<td width=\"79\"><strong>Pap. Etapas<\/strong><\/td>\n<td width=\"82\"><strong>Bonus<\/strong><\/td>\n<td width=\"64\"><strong>Viso<\/strong><\/td>\n<\/tr>\n<tr>\n<td>Armis<\/td>\n<td>68<\/td>\n<td>&#8211;<\/td>\n<td>5<\/td>\n<td>73<\/td>\n<\/tr>\n<tr>\n<td>Andrius<\/td>\n<td>20<\/td>\n<td>12<\/td>\n<td>9<\/td>\n<td>41<\/td>\n<\/tr>\n<tr>\n<td>Martynas<\/td>\n<td>20<\/td>\n<td>16<\/td>\n<td>2<\/td>\n<td>38<\/td>\n<\/tr>\n<tr>\n<td>Laimonas<\/td>\n<td>4<\/td>\n<td>0<\/td>\n<td>12<\/td>\n<td>16<\/td>\n<\/tr>\n<tr>\n<td>Romanas<\/td>\n<td>4<\/td>\n<td>5<\/td>\n<td>5<\/td>\n<td>14<\/td>\n<\/tr>\n<tr>\n<td>Viktoras<\/td>\n<td>0<\/td>\n<td>&#8211;<\/td>\n<td>7<\/td>\n<td>7<\/td>\n<\/tr>\n<tr>\n<td>Tadas<\/td>\n<td>0<\/td>\n<td>&#8211;<\/td>\n<td>5<\/td>\n<td>5<\/td>\n<\/tr>\n<tr>\n<td>Almantas<\/td>\n<td>0<\/td>\n<td>&#8211;<\/td>\n<td>5<\/td>\n<td>5<\/td>\n<\/tr>\n<tr>\n<td>Giedrius<\/td>\n<td>0<\/td>\n<td>&#8211;<\/td>\n<td>3<\/td>\n<td>3<\/td>\n<\/tr>\n<tr>\n<td>Olegas<\/td>\n<td>0<\/td>\n<td>&#8211;<\/td>\n<td>2<\/td>\n<td>2<\/td>\n<\/tr>\n<tr>\n<td>Ara<\/td>\n<td>0<\/td>\n<td>&#8211;<\/td>\n<td>1<\/td>\n<td>1<\/td>\n<\/tr>\n<tr>\n<td>Audrius<\/td>\n<td>0<\/td>\n<td>&#8211;<\/td>\n<td>1<\/td>\n<td>1<\/td>\n<\/tr>\n<tr>\n<td>Virgilijus<\/td>\n<td>0<\/td>\n<td>&#8211;<\/td>\n<td>1<\/td>\n<td>1<\/td>\n<\/tr>\n<tr>\n<td>Vilkas<\/td>\n<td>0<\/td>\n<td>&#8211;<\/td>\n<td>0<\/td>\n<td>0<\/td>\n<\/tr>\n<\/tbody>\n<\/table>\n<p>&nbsp;<\/p>\n<p>Lenktyn\u0117s nepra\u0117jo be p\u0117dsak\u0173 &#8211; ma\u017eiausiai dvi kameros liko gul\u0117t pievoje, taip ir nesurastos, ma\u017eiausiai 4 linz\u0117s sudau\u017eytos, 2 l\u0117ktuvai (Olego ir Romano) plaukiojo e\u017eere. Nepataisomai sudau\u017eytas tik teksumo, kit\u0173 pa\u017eeidimai sutvarkomi.<\/p>\n<p>Bonus ta\u0161k\u0173 atsiliepimai:<\/p>\n<p>Martynas =&gt; Viktorui &#8211; &#8220;LOS \u012f ferm\u0105&#8221;, =&gt; Arminui &#8211; &#8220;u\u017e dr\u0105s\u0105 skraidant be FC ir greit\u012f&#8221;, =&gt; Olegui &#8211; &#8220;u\u017e plaukiant\u012f sparn\u0105&#8221;<\/p>\n<p>Viktoras =&gt; Martynui &#8211; &#8220;u\u017e bum&#8221;, =&gt; Almantui &#8211; &#8220;u\u017e leksik\u0105&#8221;, =&gt; Romanui &#8211; &#8220;u\u017e paie\u0161kas&#8221;<\/p>\n<p>Andrius =&gt; Laimonui &#8211; &#8220;gogo valtis&#8221;, =&gt; Almantui &#8211; &#8220;penki ratai!!!!!!&#8221;, =&gt; Viktoras &#8211; &#8220;raudonas!&#8221;, =&gt; Romanui &#8211; &#8220;plaukmuo&#8221;, =&gt; Olegui &#8220;+1 -3 u\u017e r\u016b\u017eav\u0105 kEul\u0119&#8221;<\/p>\n<p>&nbsp;<\/p>\n","protected":false},"excerpt":{"rendered":"<p>Antrosios LT-FPV l\u0117ktuv\u0173 lenktyn\u0117s baig\u0117si. A\u010di\u016b visiems dalyvavusiems, taip pat ir tiesiog palaikantiems ar lankytojams. D\u017eiugu, kad kad dauguma nenuleido rank\u0173 jei ka\u017ekas nepavyko ir spar\u010diai keit\u0117 l\u0117ktuvus, reguliavo \u012franga, ir b\u0117go skristi toliau. Rungtyni\u0173 rezultatai: Pilotas Pagr. Etapas Pap. &hellip; <a href=\"https:\/\/fpv.team\/en\/lektuvu-lenktynes-ivyko-rezultatai-2\/\">Continued<\/a><\/p>\n","protected":false},"author":1,"featured_media":0,"parent":0,"menu_order":0,"comment_status":"closed","ping_status":"closed","template":"","meta":{"footnotes":""},"class_list":["post-1304","page","type-page","status-publish","hentry"],"translation":{"provider":"WPGlobus","version":"3.0.0","language":"en","enabled_languages":["lt","en"],"languages":{"lt":{"title":true,"content":true,"excerpt":false},"en":{"title":false,"content":false,"excerpt":false}}},"_links":{"self":[{"href":"https:\/\/fpv.team\/en\/wp-json\/wp\/v2\/pages\/1304","targetHints":{"allow":["GET"]}}],"collection":[{"href":"https:\/\/fpv.team\/en\/wp-json\/wp\/v2\/pages"}],"about":[{"href":"https:\/\/fpv.team\/en\/wp-json\/wp\/v2\/types\/page"}],"author":[{"embeddable":true,"href":"https:\/\/fpv.team\/en\/wp-json\/wp\/v2\/users\/1"}],"replies":[{"embeddable":true,"href":"https:\/\/fpv.team\/en\/wp-json\/wp\/v2\/comments?post=1304"}],"version-history":[{"count":3,"href":"https:\/\/fpv.team\/en\/wp-json\/wp\/v2\/pages\/1304\/revisions"}],"predecessor-version":[{"id":1309,"href":"https:\/\/fpv.team\/en\/wp-json\/wp\/v2\/pages\/1304\/revisions\/1309"}],"wp:attachment":[{"href":"https:\/\/fpv.team\/en\/wp-json\/wp\/v2\/media?parent=1304"}],"curies":[{"name":"wp","href":"https:\/\/api.w.org\/{rel}","templated":true}]}}