{"id":1271,"date":"2017-08-20T13:28:46","date_gmt":"2017-08-20T11:28:46","guid":{"rendered":"http:\/\/fpv.team\/?page_id=1271"},"modified":"2017-08-20T14:29:01","modified_gmt":"2017-08-20T12:29:01","slug":"trasa","status":"publish","type":"page","link":"https:\/\/fpv.team\/en\/2017-2-lektuvu-lenktynes\/trasa\/","title":{"rendered":"Trasa"},"content":{"rendered":"<p>Var\u017eyb\u0173 vieta: <a href=\"https:\/\/goo.gl\/maps\/HpHVC87euwJ2\">https:\/\/goo.gl\/maps\/HpHVC87euwJ2<\/a><\/p>\n<p>Teritorija privati, d\u0117l jos naudojimo suderinta su savininku. Koordinat\u0117s (jei kam neveikia \u017eem\u0117lapio nuoroda):<\/p>\n<p><strong>55.0021097,25.591793<\/strong><\/p>\n<p>Trasos schema:<\/p>\n<p><a href=\"http:\/\/fpv.team\/wp-content\/uploads\/2017\/08\/plane_track_2017_2.jpg\"><img loading=\"lazy\" decoding=\"async\" class=\"alignnone size-large wp-image-1277\" src=\"http:\/\/fpv.team\/wp-content\/uploads\/2017\/08\/plane_track_2017_2-1024x491.jpg\" alt=\"\" width=\"1024\" height=\"491\" srcset=\"https:\/\/fpv.team\/wp-content\/uploads\/2017\/08\/plane_track_2017_2-1024x491.jpg 1024w, https:\/\/fpv.team\/wp-content\/uploads\/2017\/08\/plane_track_2017_2-300x144.jpg 300w, https:\/\/fpv.team\/wp-content\/uploads\/2017\/08\/plane_track_2017_2-768x368.jpg 768w, https:\/\/fpv.team\/wp-content\/uploads\/2017\/08\/plane_track_2017_2.jpg 1338w\" sizes=\"auto, (max-width: 1024px) 100vw, 1024px\" \/><\/a><\/p>\n<p>Tinkam\u0105 strategij\u0105 si\u016blome apgalvoti i\u0161 anksto.<\/p>\n","protected":false},"excerpt":{"rendered":"<p>Var\u017eyb\u0173 vieta: https:\/\/goo.gl\/maps\/HpHVC87euwJ2 Teritorija privati, d\u0117l jos naudojimo suderinta su savininku. Koordinat\u0117s (jei kam neveikia \u017eem\u0117lapio nuoroda): 55.0021097,25.591793 Trasos schema: Tinkam\u0105 strategij\u0105 si\u016blome apgalvoti i\u0161 anksto.<\/p>\n","protected":false},"author":1,"featured_media":0,"parent":1265,"menu_order":0,"comment_status":"closed","ping_status":"closed","template":"","meta":{"footnotes":""},"class_list":["post-1271","page","type-page","status-publish","hentry"],"translation":{"provider":"WPGlobus","version":"3.0.0","language":"en","enabled_languages":["lt","en"],"languages":{"lt":{"title":true,"content":true,"excerpt":false},"en":{"title":false,"content":false,"excerpt":false}}},"_links":{"self":[{"href":"https:\/\/fpv.team\/en\/wp-json\/wp\/v2\/pages\/1271","targetHints":{"allow":["GET"]}}],"collection":[{"href":"https:\/\/fpv.team\/en\/wp-json\/wp\/v2\/pages"}],"about":[{"href":"https:\/\/fpv.team\/en\/wp-json\/wp\/v2\/types\/page"}],"author":[{"embeddable":true,"href":"https:\/\/fpv.team\/en\/wp-json\/wp\/v2\/users\/1"}],"replies":[{"embeddable":true,"href":"https:\/\/fpv.team\/en\/wp-json\/wp\/v2\/comments?post=1271"}],"version-history":[{"count":3,"href":"https:\/\/fpv.team\/en\/wp-json\/wp\/v2\/pages\/1271\/revisions"}],"predecessor-version":[{"id":1379,"href":"https:\/\/fpv.team\/en\/wp-json\/wp\/v2\/pages\/1271\/revisions\/1379"}],"up":[{"embeddable":true,"href":"https:\/\/fpv.team\/en\/wp-json\/wp\/v2\/pages\/1265"}],"wp:attachment":[{"href":"https:\/\/fpv.team\/en\/wp-json\/wp\/v2\/media?parent=1271"}],"curies":[{"name":"wp","href":"https:\/\/api.w.org\/{rel}","templated":true}]}}