{"id":1001,"date":"2016-10-17T11:54:20","date_gmt":"2016-10-17T09:54:20","guid":{"rendered":"http:\/\/fpv.team\/?page_id=1001"},"modified":"2016-10-17T11:54:20","modified_gmt":"2016-10-17T09:54:20","slug":"lektuvu-susitikimu-taisyklesdazniu-lentele","status":"publish","type":"page","link":"https:\/\/fpv.team\/en\/lenktynes\/lektuvu-susitikimu-taisyklesdazniu-lentele\/","title":{"rendered":"L\u0117ktuv\u0173 susitikim\u0173 taisykl\u0117s\/da\u017eni\u0173 lentel\u0117"},"content":{"rendered":"<p>Kadangi susitikimuose su l\u0117ktuvais kartais turime nesusipratim\u0173 &#8211; pats laikas \u012fsivesti kelias paprastas taisykles.<\/p>\n<ol>\n<li>Modeliai:\n<ol>\n<ol>\n<li>pakol kas tinka bet kokie (forma, sparn\u0173 mojis) modeliai, bet turi tur\u0117ti galimyb\u0119 (ramiu oru) skristi 60km\/h grei\u010diu<\/li>\n<li>jei yra galimyb\u0117 &#8211; naudoti ry\u0161kius LED gale<\/li>\n<\/ol>\n<\/ol>\n<p>\u0160iuo metu bandome pasidaryti kelet\u0105 Wing Wing Z-84 &#8211; su vienodais (dyd\u017eio ir formos prasme &#8211; viduje \u012franga bus skirtinga) l\u0117ktuvais bus lengviau skristi vienodu grei\u010diu. Prie \u0161ios akcijos prisijung\u0117:<\/p>\n<ol>\n<ol>\n<ol>\n<li>Vilkas<\/li>\n<li>Ara<\/li>\n<li>Andrius<\/li>\n<li>Audrius<\/li>\n<li>Smilga<\/li>\n<li>Almantas<\/li>\n<li>Romanas<\/li>\n<\/ol>\n<\/ol>\n<\/ol>\n<p>Jei yra galimyb\u0117 &#8211; \u012fsigykite \u0161\u012f sparn\u0105, tikrai u\u017eteks artimiausiems susitikimams.<\/li>\n<\/ol>\n<ul>\n<li>Da\u017eniai:\n<ol>\n<li>pasistenkite nenaudoti labai didel\u0117s galios si\u0173stuv\u0173. Atstumai nedideli, tod\u0117l &gt; 0.5W \u012franga tik prid\u0117s papildom\u0173 trukd\u017ei\u0173 visiems, u\u017euot pagelb\u0117jusi<\/li>\n<li>Da\u017enius geriau pasidalinti i\u0161 anksto &#8211; tod\u0117l padariau toki\u0105 lentel\u0119, darydami nauj\u0105 l\u0117ktuv\u0105 orientuokit\u0117s \u012f tu\u0161\u010dius laukus. Nor\u0117dami u\u017esirezervuoti da\u017en\u012f &#8211; ra\u0161ykite \u012f komentarus\/hangouts:<br \/>\n(&#8220;Pilotas A&#8221; &#8211; pagrindinis l\u0117ktuvas\/da\u017enis, &#8220;Pilotas B&#8221; &#8211; rezervinis\/alternatyva)<\/li>\n<\/ol>\n<p><iframe loading=\"lazy\" src=\"https:\/\/docs.google.com\/spreadsheets\/d\/1x3rxsgEOPySku9yYxvzFW_UYSRVD6WLyNkBViyqkBvQ\/pubhtml?gid=0&amp;single=true&amp;widget=true&amp;headers=false\" width=\"600\" height=\"370\"><\/iframe><\/li>\n<\/ul>\n","protected":false},"excerpt":{"rendered":"<p>Kadangi susitikimuose su l\u0117ktuvais kartais turime nesusipratim\u0173 &#8211; pats laikas \u012fsivesti kelias paprastas taisykles. Modeliai: pakol kas tinka bet kokie (forma, sparn\u0173 mojis) modeliai, bet turi tur\u0117ti galimyb\u0119 (ramiu oru) skristi 60km\/h grei\u010diu jei yra galimyb\u0117 &#8211; naudoti ry\u0161kius LED &hellip; <a href=\"https:\/\/fpv.team\/en\/lenktynes\/lektuvu-susitikimu-taisyklesdazniu-lentele\/\">Continued<\/a><\/p>\n","protected":false},"author":1,"featured_media":0,"parent":35,"menu_order":0,"comment_status":"open","ping_status":"open","template":"","meta":{"footnotes":""},"class_list":["post-1001","page","type-page","status-publish","hentry"],"translation":{"provider":"WPGlobus","version":"3.0.0","language":"en","enabled_languages":["lt","en"],"languages":{"lt":{"title":true,"content":true,"excerpt":false},"en":{"title":false,"content":false,"excerpt":false}}},"_links":{"self":[{"href":"https:\/\/fpv.team\/en\/wp-json\/wp\/v2\/pages\/1001","targetHints":{"allow":["GET"]}}],"collection":[{"href":"https:\/\/fpv.team\/en\/wp-json\/wp\/v2\/pages"}],"about":[{"href":"https:\/\/fpv.team\/en\/wp-json\/wp\/v2\/types\/page"}],"author":[{"embeddable":true,"href":"https:\/\/fpv.team\/en\/wp-json\/wp\/v2\/users\/1"}],"replies":[{"embeddable":true,"href":"https:\/\/fpv.team\/en\/wp-json\/wp\/v2\/comments?post=1001"}],"version-history":[{"count":2,"href":"https:\/\/fpv.team\/en\/wp-json\/wp\/v2\/pages\/1001\/revisions"}],"predecessor-version":[{"id":1019,"href":"https:\/\/fpv.team\/en\/wp-json\/wp\/v2\/pages\/1001\/revisions\/1019"}],"up":[{"embeddable":true,"href":"https:\/\/fpv.team\/en\/wp-json\/wp\/v2\/pages\/35"}],"wp:attachment":[{"href":"https:\/\/fpv.team\/en\/wp-json\/wp\/v2\/media?parent=1001"}],"curies":[{"name":"wp","href":"https:\/\/api.w.org\/{rel}","templated":true}]}}