{"id":78,"date":"2016-03-17T01:02:25","date_gmt":"2016-03-16T23:02:25","guid":{"rendered":"http:\/\/fpv.team\/?page_id=78"},"modified":"2016-06-01T17:28:11","modified_gmt":"2016-06-01T15:28:11","slug":"forms1-2016","status":"publish","type":"page","link":"http:\/\/fpv.team\/en\/archyvas\/2016-05-lenktynes\/forms1-2016\/","title":{"rendered":"Registration for participants to FPV Minicopter race"},"content":{"rendered":"<p style=\"text-align: justify;\"><span style=\"font-weight: 400;\">In order to succeed organizing the race, this registration aims to find out the preliminary number of participants in each class. Race date, time and location will be announced later.<\/span><span style=\"font-weight: 400;\"><br \/>\n<\/span><span style=\"font-weight: 400;\">In addition, we are aware of the technical requirements for equipment that each participant should have enough time to prepare for the upcoming race. <strong><a href=\"http:\/\/fpv.team\/en\/lenktynes\/fpv-lenktyniu-taisykles\/\">Please read the requirements and rules<\/a><\/strong>. Towards the competition, rules and requirements will be filled and may slightly vary. Every participant will be informed about any changes or addition by the registered email.<\/span><span style=\"font-weight: 400;\"><br \/>\n<\/span><span style=\"font-weight: 400;\">Please fill in the registration form below.<\/span><span style=\"font-weight: 400;\"><br \/>\n<\/span><span style=\"font-weight: 400;\">If you have questions, ideas, suggestions or you want to contribute in the organization of the race write all of this into the &#8220;Notes and Comments&#8221;<\/span><\/p>\n<div style=\"display:none\" class=\"fm-form-container fm-theme10\"><div id=\"fm-pages10\" class=\"fm-pages wdform_page_navigation \" show_title=\"false\" show_numbers=\"true\" type=\"none\"><\/div><form name=\"form10\" action=\"\/en\/wp-json\/wp\/v2\/pages\/78\" method=\"post\" id=\"form10\" class=\"fm-form form10  \" enctype=\"multipart\/form-data\"><input type=\"hidden\" id=\"fm_page_id10\" value=\"78\" name=\"fm_page_id10\" \/><input type=\"hidden\" id=\"fm_current_post_type10\" value=\"page\" name=\"fm_current_post_type10\" \/><input type=\"hidden\" id=\"counter10\" value=\"8\" name=\"counter10\" \/><input type=\"hidden\" id=\"Itemid10\" value=\"\" name=\"Itemid10\" \/><input type=\"hidden\" id=\"fm_shake10\" value=\"1\" name=\"fm_shake10\" \/><input type=\"text\" class=\"fm-hide\" id=\"fm_empty_field_validation10\" value=\"\" name=\"fm_empty_field_validation10\" data-value=\"bd736efb144d599cf463541431fbf5c4\" \/><div class=\"wdform-page-and-images\" style=\"display:table; border-top:0px solid black;\"><div id=\"10form_view1\" class=\"wdform_page\" page_title=\"Untitled page\" next_title=\"Next\" next_type=\"text\" next_class=\"wdform-page-button\" next_checkable=\"false\" previous_title=\"Previous\" previous_type=\"text\" previous_class=\"wdform-page-button\" previous_checkable=\"false\"><div class=\"wdform_section\"><div class=\"wdform_column \"><div class=\"wdform_row \" wdid=\"1\"><div type=\"type_name\" class=\"wdform-field wd-width-100 wd-flex wd-flex-column fm-type_name\" ><div class=\"wdform-label-section wd-width-100  wd-flex-row\" style=\"max-width: 110px;\">    <label  for=\"wdform_1_element_first10\" class=\"wdform-label\">Dalyvis (Participant) :<\/label><\/div><div class=\"wdform-element-section wd-flex  wd-flex-row wd-width-100\" style=\"max-width: 160px;\"><div class=\"wd-flex wd-flex-column wd-width-50\"><input type=\"text\" class=\"wd-width-100\" id=\"wdform_1_element_first10\" name=\"wdform_1_element_first10\" data-value=\"\" value=\"\" title=\"\" placeholder=\"\"  \/><label class=\"mini_label\" for=\"wdform_1_element_first10\">Vardas (Name)<\/label><\/div><div class=\"wd-flex wd-flex-column wd-name-separator\"><\/div><div class=\"wd-flex wd-flex-column wd-width-50\"><input type=\"text\" class=\"wd-width-100\" id=\"wdform_1_element_last10\" name=\"wdform_1_element_last10\" data-value=\"\" value=\"\" title=\"\" placeholder=\"\"  \/><label class=\"mini_label\" for=\"wdform_1_element_last10\">Pavard\u0117 (Surname)<\/label><\/div><\/div><\/div><\/div><div style=\"\" class=\"wdform_row \" wdid=\"5\"><div type=\"type_submitter_mail\" class=\"wdform-field wd-width-100 wd-flex wd-flex-column fm-type_submitter_mail\" ><div class=\"wdform-label-section wd-width-100  wd-flex-row\" style=\"max-width: 320px;\">    <label  for=\"wdform_5_element10\" class=\"wdform-label\">Elektroninis pa\u0161tas (e-mail):<\/label><span class=\"wdform-required\">*<\/span><\/div><div class=\"wdform-element-section wd-flex  wd-flex-row wd-width-100\" style=\"max-width: 320px;\"><input type=\"text\" class=\"wd-width-100\" id=\"wdform_5_element10\" name=\"wdform_5_element10\" data-value=\"\" value=\"\" title=\"\" placeholder=\"\"   onchange=\"wd_check_email('5', '10', 'This is not a valid email address.')\" \/><\/div><\/div><\/div><div class=\"wdform_row \" wdid=\"4\"><div type=\"type_checkbox\" class=\"wdform-field wd-width-100 wd-flex wd-flex-column fm-type_checkbox\" ><div class=\"wdform-label-section wd-width-100  wd-flex-wrap wd-flex-column\" style=\"max-width: 320px;\">    <label  class=\"wdform-label\">Kategorija (category):<\/label><span class=\"wdform-required\">*<\/span><\/div><div class=\"wdform-element-section wd-flex  wd-flex-wrap wd-flex-column wd-width-100\" ><div class=\"wd-flex wd-flex-column\"><input type=\"hidden\" name=\"wdform_4_element10\" value=\"\" \/><div class=\"checkbox-div wd-choice wd-flex wd-flex-row-reverse wd-justify-content\"><input type=\"checkbox\"  id=\"wdform_4_element100\" name=\"wdform_4_element100\" value=\"PRO\"    \/><label class=\"wd-align-items-center wd-flex wd-flex-row-reverse wd-justify-content wd-width-100\" for=\"wdform_4_element100\"><span><\/span>PRO<\/label><\/div><div class=\"checkbox-div wd-choice wd-flex wd-flex-row-reverse wd-justify-content\"><input type=\"checkbox\"  id=\"wdform_4_element101\" name=\"wdform_4_element101\" value=\"MINI\"    \/><label class=\"wd-align-items-center wd-flex wd-flex-row-reverse wd-justify-content wd-width-100\" for=\"wdform_4_element101\"><span><\/span>MINI<\/label><\/div><div class=\"checkbox-div wd-choice wd-flex wd-flex-row-reverse wd-justify-content\"><input type=\"checkbox\"  id=\"wdform_4_element102\" name=\"wdform_4_element102\" value=\"Open\"    \/><label class=\"wd-align-items-center wd-flex wd-flex-row-reverse wd-justify-content wd-width-100\" for=\"wdform_4_element102\"><span><\/span>Open<\/label><\/div><div class=\"checkbox-div wd-choice wd-flex wd-flex-row-reverse wd-justify-content\"><input type=\"checkbox\"  id=\"wdform_4_element103\" name=\"wdform_4_element103\" value=\"FreeStyle\"    \/><label class=\"wd-align-items-center wd-flex wd-flex-row-reverse wd-justify-content wd-width-100\" for=\"wdform_4_element103\"><span><\/span>FreeStyle<\/label><\/div><\/div><\/div><\/div><\/div><div style=\"\" class=\"wdform_row \" wdid=\"7\"><div type=\"type_checkbox\" class=\"wdform-field wd-width-100 wd-flex wd-flex-column fm-type_checkbox\" ><div class=\"wdform-label-section wd-width-100  wd-flex-wrap wd-flex-row\" style=\"max-width: 320px;\">    <label  class=\"wdform-label\">Pasirinkite \u012frangos konfig\u016bracij\u0105 (\u017eym\u0117kite maksimali\u0105 konfig\u016bracij\u0105, jei dalyvausite su \u012fvairia \u012franga - t.y. jei vienoje klas\u0117je skrisite su LRS, kitur su 2.4G RC - \u017eym\u0117kite abu laukelius) [EN] Select the hardware configuration (select the maximum configuration, if you attend with a range of equipment - that is, if you fly in one class with the LRS, in another with 2.4G RC - Mark both fields):<\/label><\/div><div class=\"wdform-element-section wd-flex  wd-flex-wrap wd-flex-row wd-width-100\" ><div class=\"wd-flex wd-flex-column\"><input type=\"hidden\" name=\"wdform_7_element10\" value=\"\" \/><div class=\"checkbox-div wd-choice wd-flex wd-flex-row-reverse wd-justify-content\"><input type=\"checkbox\"  id=\"wdform_7_element100\" name=\"wdform_7_element100\" value=\"LRS RC\"    \/><label class=\"wd-align-items-center wd-flex wd-flex-row-reverse wd-justify-content wd-width-100\" for=\"wdform_7_element100\"><span><\/span>LRS RC<\/label><\/div><div class=\"checkbox-div wd-choice wd-flex wd-flex-row-reverse wd-justify-content\"><input type=\"checkbox\"  id=\"wdform_7_element101\" name=\"wdform_7_element101\" value=\"2.4G RC\"    \/><label class=\"wd-align-items-center wd-flex wd-flex-row-reverse wd-justify-content wd-width-100\" for=\"wdform_7_element101\"><span><\/span>2.4G RC<\/label><\/div><div class=\"checkbox-div wd-choice wd-flex wd-flex-row-reverse wd-justify-content\"><input type=\"checkbox\"  id=\"wdform_7_element102\" name=\"wdform_7_element102\" value=\"5.8G RC\"    \/><label class=\"wd-align-items-center wd-flex wd-flex-row-reverse wd-justify-content wd-width-100\" for=\"wdform_7_element102\"><span><\/span>5.8G RC<\/label><\/div><\/div><div class=\"wd-flex wd-flex-column\"><div class=\"checkbox-div wd-choice wd-flex wd-flex-row-reverse wd-justify-content\"><input type=\"checkbox\"  id=\"wdform_7_element103\" name=\"wdform_7_element103\" value=\"1.2G Video\"    \/><label class=\"wd-align-items-center wd-flex wd-flex-row-reverse wd-justify-content wd-width-100\" for=\"wdform_7_element103\"><span><\/span>1.2G Video<\/label><\/div><div class=\"checkbox-div wd-choice wd-flex wd-flex-row-reverse wd-justify-content\"><input type=\"checkbox\"  id=\"wdform_7_element104\" name=\"wdform_7_element104\" value=\"2.4G Video\"    \/><label class=\"wd-align-items-center wd-flex wd-flex-row-reverse wd-justify-content wd-width-100\" for=\"wdform_7_element104\"><span><\/span>2.4G Video<\/label><\/div><div class=\"checkbox-div wd-choice wd-flex wd-flex-row-reverse wd-justify-content\"><input type=\"checkbox\"  id=\"wdform_7_element105\" name=\"wdform_7_element105\" value=\"5.8G Video\"    \/><label class=\"wd-align-items-center wd-flex wd-flex-row-reverse wd-justify-content wd-width-100\" for=\"wdform_7_element105\"><span><\/span>5.8G Video<\/label><\/div><\/div><div class=\"wd-flex wd-flex-column\"><div class=\"checkbox-div wd-choice wd-flex wd-flex-row-reverse wd-justify-content\"><input type=\"checkbox\"  id=\"wdform_7_element106\" name=\"wdform_7_element106\" value=\"3S LiPo\"    \/><label class=\"wd-align-items-center wd-flex wd-flex-row-reverse wd-justify-content wd-width-100\" for=\"wdform_7_element106\"><span><\/span>3S LiPo<\/label><\/div><div class=\"checkbox-div wd-choice wd-flex wd-flex-row-reverse wd-justify-content\"><input type=\"checkbox\"  id=\"wdform_7_element107\" name=\"wdform_7_element107\" value=\"4S LiPo\"    \/><label class=\"wd-align-items-center wd-flex wd-flex-row-reverse wd-justify-content wd-width-100\" for=\"wdform_7_element107\"><span><\/span>4S LiPo<\/label><\/div><\/div><\/div><\/div><\/div><div style=\"\" class=\"wdform_row \" wdid=\"6\"><div type=\"type_textarea\" class=\"wdform-field wd-width-100 wd-flex wd-flex-column fm-type_textarea\" ><div class=\"wdform-label-section wd-width-100 \" style=\"max-width: 320px;\">    <label  for=\"wdform_6_element10\" class=\"wdform-label\">Pastabos ir komentarai (para\u0161ykite ir komandos pavadinim\u0105, jei atstovaujate komandai) [EN] Notes and comments (write the name of the team that you represent):<\/label><\/div><div class=\"wdform-element-section wd-flex  wd-width-100\" style=\"max-width: 190px;\"><textarea class=\"wd-width-100\"                      id=\"wdform_6_element10\"                      name=\"wdform_6_element10\"                      placeholder=\"\"                      data-value=\"\"                      maxlength=\"\"                      style=\"height: 87px;\"                      ><\/textarea><\/div><\/div><\/div><div class=\"wdform_row \" wdid=\"2\"><div type=\"type_captcha\" class=\"wdform-field wd-width-100 wd-flex wd-flex-column fm-type_captcha\" ><div class=\"wdform-label-section wd-width-100  wd-flex-row wd-align-items-center\" style=\"max-width: 320px;\">    <label  for=\"wd_captcha_input10\" class=\"wdform-label\">\u012eveskite raides i\u0161 paveiksliuko (Enter symbols from picture)<\/label><\/div><div class=\"wdform-element-section wd-flex  wd-flex-row wd-align-items-center wd-width-100\" ><img decoding=\"async\" type=\"captcha\"                           digit=\"6\"                           src=\" http:\/\/fpv.team\/wp-admin\/admin-ajax.php?action=formmakerwdcaptcha&digit=6&i=10\"                           id=\"wd_captcha10\"                           class=\"captcha_img wd-hidden\"                            \/><div class=\"captcha_refresh\" id=\"_element_refresh10\" ><\/div><input type=\"text\"                              class=\"captcha_input\"                              id=\"wd_captcha_input10\"                              name=\"captcha_input\"                              style=\"width: 80px;\"                               \/><\/div><\/div><\/div><div class=\"wdform_row \" wdid=\"3\"><div type=\"type_submit_reset\" class=\"wdform-field wd-width-100 wd-flex wd-flex-column fm-type_submit_reset\" ><div class=\"wdform-element-section wd-flex  wd-flex-row wd-width-100\" ><button  type=\"button\" class=\"button-submit\" onclick=\"fm_submit_form('10');\"  data-ajax=\"0\"><span class=\"fm-submit-loading spinner fm-ico-spinner\"><\/span>Submit<\/button><button  type=\"button\" class=\"button-reset \" onclick=\"fm_reset_form(10);\" >Reset<\/button><\/div><\/div><\/div><\/div><\/div><div valign=\"top\" class=\"wdform_footer\" style=\"width: 100%;\"><div style=\"width: 100%;\"><div style=\"width: 100%; display: table; padding-top:10px;\"><div style=\"display: table-row-group;\"><div id=\"10page_nav1\" style=\"display: table-row;\"><\/div><\/div><\/div><\/div><\/div><\/div><\/div><div class=\"wdform_preload\"><\/div><input type=\"hidden\" name=\"fm-current-page\" value=\"http:\/\/fpv.team\/en\/wp-json\/wp\/v2\/pages\/78\" \/><\/form><\/div>\n","protected":false},"excerpt":{"rendered":"<p>In order to succeed organizing the race, this registration aims to find out the preliminary number of participants in each class. Race date, time and location will be announced later. In addition, we are aware of the technical requirements for &hellip; <a href=\"http:\/\/fpv.team\/en\/archyvas\/2016-05-lenktynes\/forms1-2016\/\">Continued<\/a><\/p>\n","protected":false},"author":1,"featured_media":0,"parent":353,"menu_order":0,"comment_status":"open","ping_status":"closed","template":"","meta":{"footnotes":""},"class_list":["post-78","page","type-page","status-publish","hentry"],"translation":{"provider":"WPGlobus","version":"3.0.0","language":"en","enabled_languages":["lt","en"],"languages":{"lt":{"title":true,"content":true,"excerpt":false},"en":{"title":true,"content":true,"excerpt":false}}},"_links":{"self":[{"href":"http:\/\/fpv.team\/en\/wp-json\/wp\/v2\/pages\/78","targetHints":{"allow":["GET"]}}],"collection":[{"href":"http:\/\/fpv.team\/en\/wp-json\/wp\/v2\/pages"}],"about":[{"href":"http:\/\/fpv.team\/en\/wp-json\/wp\/v2\/types\/page"}],"author":[{"embeddable":true,"href":"http:\/\/fpv.team\/en\/wp-json\/wp\/v2\/users\/1"}],"replies":[{"embeddable":true,"href":"http:\/\/fpv.team\/en\/wp-json\/wp\/v2\/comments?post=78"}],"version-history":[{"count":7,"href":"http:\/\/fpv.team\/en\/wp-json\/wp\/v2\/pages\/78\/revisions"}],"predecessor-version":[{"id":80,"href":"http:\/\/fpv.team\/en\/wp-json\/wp\/v2\/pages\/78\/revisions\/80"}],"up":[{"embeddable":true,"href":"http:\/\/fpv.team\/en\/wp-json\/wp\/v2\/pages\/353"}],"wp:attachment":[{"href":"http:\/\/fpv.team\/en\/wp-json\/wp\/v2\/media?parent=78"}],"curies":[{"name":"wp","href":"https:\/\/api.w.org\/{rel}","templated":true}]}}