{"id":485,"date":"2016-06-13T09:14:46","date_gmt":"2016-06-13T07:14:46","guid":{"rendered":"http:\/\/fpv.team\/?page_id=485"},"modified":"2017-04-01T11:18:54","modified_gmt":"2017-04-01T09:18:54","slug":"team","status":"publish","type":"page","link":"http:\/\/fpv.team\/en\/lt-fpv\/team\/","title":{"rendered":"LT-FPV Team"},"content":{"rendered":"<h4>Komandos nari\u0173 s\u0105ra\u0161as<\/h4>\n<ol>\n<li>Andrius Narbutas (aka ABLomas \/ ABL) \u2013 FPV pilotas,\u00a0LT-FPV komandos pradininkas, susitikim\u0173\u00a0ir lenktyni\u0173\u00a0organizatorius (<a href=\"http:\/\/lag.lt\/\">Web<\/a>\u00a0\/\u00a0<a href=\"https:\/\/vimeo.com\/abl\">Vimeo<\/a>\u00a0\/\u00a0<a href=\"https:\/\/plus.google.com\/u\/1\/+AndriusNarbutas_ABL\/posts\">G+<\/a> \/ <a href=\"https:\/\/www.youtube.com\/channel\/UC8e53kp9qfLKPBHu4C7AiYQ\">YouTube<\/a>).<\/li>\n<li>Almantas Ra\u0161kauskas (aka #\u010diagialmantas) &#8211; FPV pilotas, aktyvus narys, lenktyni\u0173 ved\u0117jas (<a href=\"https:\/\/www.facebook.com\/almantas.raskauskas\">FB<\/a>).<\/li>\n<li>Audrius Nari\u016bnas &#8211; FPV pilotas, aktyvus narys (<a href=\"https:\/\/www.facebook.com\/audrius.nariunas\">FB<\/a>).<\/li>\n<li>Vitalija Gasi\u016bnait\u0117 &#8211; fotograf\u0117, lenktyni\u0173 teis\u0117ja, komandos asistent\u0117 (<a href=\"http:\/\/bopoha.lt\/\">Web<\/a> \/ <a href=\"https:\/\/plus.google.com\/u\/0\/118050086083510866343\">G+<\/a>).<\/li>\n<li>Viktoras \u0160idlauskas\u00a0&#8211; FPV pilotas, visokeriopa\u00a0pagalba, 3D spausdinimas\u00a0(<a href=\"https:\/\/plus.google.com\/u\/0\/113543379866663356271\">G+<\/a>).<\/li>\n<li>Virgilijus Grigaitis &#8211; FPV pilotas, visokeriopa pagalba (<a href=\"https:\/\/plus.google.com\/u\/0\/104430006135465540690\/\">G+<\/a>).<\/li>\n<li>Ar\u016bnas Vaitek\u016bnas &#8211; FPV pilotas (<a href=\"https:\/\/plus.google.com\/u\/0\/112180945838595833735\/posts\">G+<\/a>).<\/li>\n<li>Ara Nersisianas &#8211; FPV pilotas, LBONA narys (<a href=\"https:\/\/www.youtube.com\/user\/davkstudio\">YouTube<\/a>)<\/li>\n<li>Vladimiras Loskutovas (aka Vovka) &#8211; FPV pilotas, neaktyvus narys (<a href=\"https:\/\/www.facebook.com\/vladimiras.loskutovas\">FB<\/a>).<\/li>\n<\/ol>\n<h4>Kaip tapti LT-FPV komandos nariu?<\/h4>\n<p>LT-FPV komandos nariu gali tapti kiekvienas norintis prisid\u0117ti prie komandos veiklos ir dar nepriklausantis jokiai kitai komandai, tereikia para\u0161yti mums \u012f <a href=\"mailto:pilots@fpv.team\">pilots@fpv.team<\/a> savo vard\u0105, pavard\u0119 ir kuo galite b\u016bti naudingas komandai.<br \/>\nKomandos nariais gali tapti ne vien tik FPV pilotai, bet ir visi kiti prijau\u010diantys \u0161iam hobiui ir galintys prisid\u0117ti prie komandin\u0117s veiklos techniniais, organizaciniais ir visais kitais aspektais.<br \/>\nTa\u010diau komandos nari\u0173 daugumos sprendimu, bet kuriam nariui kenkian\u010diam komandai ar nesilaikan\u010diam pareig\u0173, gali b\u016bti atimta naryst\u0117 komandoje.<\/p>\n<p><strong>Komandos nario pareigos:<\/strong><\/p>\n<ul>\n<li>Aktyviai dalyvauti komandos veikloje.<\/li>\n<li>Pad\u0117ti organizuoti skraidymus, lenktynes ir kitus renginius.<\/li>\n<li>Dalyvauti komandos susirinkimuose sprend\u017eiant svarbius komandinius klausimus.<\/li>\n<li>Nepriklausyti ir neatstovauti jokios kitos su FPV hobiu susijusios komandos.<\/li>\n<\/ul>\n<p><strong>Komandos nario privilegijos:<\/strong><\/p>\n<ul>\n<li>Visose komandos organizuojamose lenktyn\u0117se dalyvavimas yra nemokamas.<\/li>\n<li>Galimyb\u0117 dalyvauti atskirose vidin\u0117se (tik komandai) skirtose lenktyn\u0117se ir var\u017eytis d\u0117l auk\u0161tesnio reitingo komandoje.<\/li>\n<li>Galimyb\u0117 dalyvauti atrankin\u0117se tik komandai skirtose lenktyn\u0117se pagal kuri\u0173 rezultatus nariams bus suteikiama galimyb\u0117 atstovauti LT-FPV komand\u0105 oficialiose lenktyn\u0117se.<\/li>\n<\/ul>\n","protected":false},"excerpt":{"rendered":"<p>Komandos nari\u0173 s\u0105ra\u0161as Andrius Narbutas (aka ABLomas \/ ABL) \u2013 FPV pilotas,\u00a0LT-FPV komandos pradininkas, susitikim\u0173\u00a0ir lenktyni\u0173\u00a0organizatorius (Web\u00a0\/\u00a0Vimeo\u00a0\/\u00a0G+ \/ YouTube). Almantas Ra\u0161kauskas (aka #\u010diagialmantas) &#8211; FPV pilotas, aktyvus narys, lenktyni\u0173 ved\u0117jas (FB). Audrius Nari\u016bnas &#8211; FPV pilotas, aktyvus narys (FB). Vitalija &hellip; <a href=\"http:\/\/fpv.team\/en\/lt-fpv\/team\/\">Continued<\/a><\/p>\n","protected":false},"author":2,"featured_media":0,"parent":121,"menu_order":0,"comment_status":"closed","ping_status":"closed","template":"","meta":{"footnotes":""},"class_list":["post-485","page","type-page","status-publish","hentry"],"translation":{"provider":"WPGlobus","version":"3.0.0","language":"en","enabled_languages":["lt","en"],"languages":{"lt":{"title":true,"content":true,"excerpt":false},"en":{"title":true,"content":false,"excerpt":false}}},"_links":{"self":[{"href":"http:\/\/fpv.team\/en\/wp-json\/wp\/v2\/pages\/485","targetHints":{"allow":["GET"]}}],"collection":[{"href":"http:\/\/fpv.team\/en\/wp-json\/wp\/v2\/pages"}],"about":[{"href":"http:\/\/fpv.team\/en\/wp-json\/wp\/v2\/types\/page"}],"author":[{"embeddable":true,"href":"http:\/\/fpv.team\/en\/wp-json\/wp\/v2\/users\/2"}],"replies":[{"embeddable":true,"href":"http:\/\/fpv.team\/en\/wp-json\/wp\/v2\/comments?post=485"}],"version-history":[{"count":11,"href":"http:\/\/fpv.team\/en\/wp-json\/wp\/v2\/pages\/485\/revisions"}],"predecessor-version":[{"id":1136,"href":"http:\/\/fpv.team\/en\/wp-json\/wp\/v2\/pages\/485\/revisions\/1136"}],"up":[{"embeddable":true,"href":"http:\/\/fpv.team\/en\/wp-json\/wp\/v2\/pages\/121"}],"wp:attachment":[{"href":"http:\/\/fpv.team\/en\/wp-json\/wp\/v2\/media?parent=485"}],"curies":[{"name":"wp","href":"https:\/\/api.w.org\/{rel}","templated":true}]}}