{"id":1319,"date":"2017-10-14T11:02:52","date_gmt":"2017-10-14T09:02:52","guid":{"rendered":"http:\/\/fpv.team\/?page_id=1319"},"modified":"2017-10-14T11:02:52","modified_gmt":"2017-10-14T09:02:52","slug":"2017-2-lektuvu-lenktyniu-media","status":"publish","type":"page","link":"http:\/\/fpv.team\/en\/2017-2-lektuvu-lenktyniu-media\/","title":{"rendered":"2017-2 l\u0117ktuv\u0173 lenktyni\u0173 media"},"content":{"rendered":"<p><a href=\"http:\/\/fpv.team\/wp-content\/uploads\/2017\/09\/DSC02096_DxO.jpg\"><img loading=\"lazy\" decoding=\"async\" class=\"alignnone size-large wp-image-1305\" src=\"http:\/\/fpv.team\/wp-content\/uploads\/2017\/09\/DSC02096_DxO-1024x576.jpg\" alt=\"\" width=\"1024\" height=\"576\" srcset=\"http:\/\/fpv.team\/wp-content\/uploads\/2017\/09\/DSC02096_DxO-1024x576.jpg 1024w, http:\/\/fpv.team\/wp-content\/uploads\/2017\/09\/DSC02096_DxO-300x169.jpg 300w, http:\/\/fpv.team\/wp-content\/uploads\/2017\/09\/DSC02096_DxO-768x432.jpg 768w, http:\/\/fpv.team\/wp-content\/uploads\/2017\/09\/DSC02096_DxO.jpg 2048w\" sizes=\"auto, (max-width: 1024px) 100vw, 1024px\" \/><\/a><\/p>\n<h3>Promo:<\/h3>\n<div class=\"entry-content-asset videofit\"><iframe loading=\"lazy\" title=\"[LT-FPV] Plane race 2017-2 - intro\" width=\"500\" height=\"281\" src=\"https:\/\/www.youtube.com\/embed\/si81tQ_qfcg?feature=oembed\" frameborder=\"0\" allow=\"accelerometer; autoplay; clipboard-write; encrypted-media; gyroscope; picture-in-picture; web-share\" referrerpolicy=\"strict-origin-when-cross-origin\" allowfullscreen><\/iframe><\/div>\n<div class=\"entry-content-asset videofit\"><iframe loading=\"lazy\" title=\"[LT-FPV] Plane race 2017-2\" width=\"500\" height=\"281\" src=\"https:\/\/www.youtube.com\/embed\/tUzg-VN2gLM?feature=oembed\" frameborder=\"0\" allow=\"accelerometer; autoplay; clipboard-write; encrypted-media; gyroscope; picture-in-picture; web-share\" referrerpolicy=\"strict-origin-when-cross-origin\" allowfullscreen><\/iframe><\/div>\n<h3>Var\u017eyb\u0173 video:<\/h3>\n<div class=\"entry-content-asset videofit\"><iframe loading=\"lazy\" title=\"LT-FPV fixed wing race 2017-II\" width=\"500\" height=\"281\" src=\"https:\/\/www.youtube.com\/embed\/UDki6QgmJBc?feature=oembed\" frameborder=\"0\" allow=\"accelerometer; autoplay; clipboard-write; encrypted-media; gyroscope; picture-in-picture; web-share\" referrerpolicy=\"strict-origin-when-cross-origin\" allowfullscreen><\/iframe><\/div>\n<div class=\"entry-content-asset videofit\"><iframe loading=\"lazy\" title=\"[LT-FPV] Plane race 2017-2 - mix\" width=\"500\" height=\"281\" src=\"https:\/\/www.youtube.com\/embed\/qEPUNTSWWSM?feature=oembed\" frameborder=\"0\" allow=\"accelerometer; autoplay; clipboard-write; encrypted-media; gyroscope; picture-in-picture; web-share\" referrerpolicy=\"strict-origin-when-cross-origin\" allowfullscreen><\/iframe><\/div>\n<p>I linksmoji dalis:<\/p>\n<p><a href=\"https:\/\/www.youtube.com\/watch?v=EFJ_muu-T-0\"><img loading=\"lazy\" decoding=\"async\" class=\"alignnone wp-image-1321 size-large\" src=\"http:\/\/fpv.team\/wp-content\/uploads\/2017\/10\/photo_2017-09-24_21-35-29-1024x768.jpg\" alt=\"\" width=\"1024\" height=\"768\" srcset=\"http:\/\/fpv.team\/wp-content\/uploads\/2017\/10\/photo_2017-09-24_21-35-29-1024x768.jpg 1024w, http:\/\/fpv.team\/wp-content\/uploads\/2017\/10\/photo_2017-09-24_21-35-29-300x225.jpg 300w, http:\/\/fpv.team\/wp-content\/uploads\/2017\/10\/photo_2017-09-24_21-35-29-768x576.jpg 768w, http:\/\/fpv.team\/wp-content\/uploads\/2017\/10\/photo_2017-09-24_21-35-29.jpg 1280w\" sizes=\"auto, (max-width: 1024px) 100vw, 1024px\" \/><\/a><\/p>\n<p>&nbsp;<\/p>\n","protected":false},"excerpt":{"rendered":"<p>Promo: Var\u017eyb\u0173 video: I linksmoji dalis: &nbsp;<\/p>\n","protected":false},"author":1,"featured_media":0,"parent":0,"menu_order":0,"comment_status":"closed","ping_status":"closed","template":"","meta":{"footnotes":""},"class_list":["post-1319","page","type-page","status-publish","hentry"],"translation":{"provider":"WPGlobus","version":"3.0.0","language":"en","enabled_languages":["lt","en"],"languages":{"lt":{"title":true,"content":true,"excerpt":false},"en":{"title":false,"content":false,"excerpt":false}}},"_links":{"self":[{"href":"http:\/\/fpv.team\/en\/wp-json\/wp\/v2\/pages\/1319","targetHints":{"allow":["GET"]}}],"collection":[{"href":"http:\/\/fpv.team\/en\/wp-json\/wp\/v2\/pages"}],"about":[{"href":"http:\/\/fpv.team\/en\/wp-json\/wp\/v2\/types\/page"}],"author":[{"embeddable":true,"href":"http:\/\/fpv.team\/en\/wp-json\/wp\/v2\/users\/1"}],"replies":[{"embeddable":true,"href":"http:\/\/fpv.team\/en\/wp-json\/wp\/v2\/comments?post=1319"}],"version-history":[{"count":2,"href":"http:\/\/fpv.team\/en\/wp-json\/wp\/v2\/pages\/1319\/revisions"}],"predecessor-version":[{"id":1323,"href":"http:\/\/fpv.team\/en\/wp-json\/wp\/v2\/pages\/1319\/revisions\/1323"}],"wp:attachment":[{"href":"http:\/\/fpv.team\/en\/wp-json\/wp\/v2\/media?parent=1319"}],"curies":[{"name":"wp","href":"https:\/\/api.w.org\/{rel}","templated":true}]}}