{"id":1265,"date":"2017-08-20T13:26:05","date_gmt":"2017-08-20T11:26:05","guid":{"rendered":"http:\/\/fpv.team\/?page_id=1265"},"modified":"2018-04-24T11:58:01","modified_gmt":"2018-04-24T09:58:01","slug":"2017-2-lektuvu-lenktynes","status":"publish","type":"page","link":"http:\/\/fpv.team\/en\/2017-2-lektuvu-lenktynes\/","title":{"rendered":"2017 antros l\u0117ktuv\u0173 lenktyn\u0117s"},"content":{"rendered":"<p><a href=\"http:\/\/fpv.team\/2017-2-lektuvu-lenktynes\/taisykles\/\">Taisykl\u0117s<\/a><\/p>\n<p><a href=\"http:\/\/fpv.team\/2017-2-lektuvu-lenktynes\/trasa\/\">Trasa<\/a><\/p>\n<p><a href=\"http:\/\/fpv.team\/lektuvu-lenktynes-ivyko-rezultatai-2\/\">Rezultatai<\/a><\/p>\n<p><a href=\"http:\/\/fpv.team\/2017-2-lektuvu-lenktyniu-media\/\">Media<\/a><\/p>\n","protected":false},"excerpt":{"rendered":"<p>Taisykl\u0117s Trasa Rezultatai Media<\/p>\n","protected":false},"author":1,"featured_media":0,"parent":0,"menu_order":0,"comment_status":"closed","ping_status":"closed","template":"","meta":{"footnotes":""},"class_list":["post-1265","page","type-page","status-publish","hentry"],"translation":{"provider":"WPGlobus","version":"3.0.0","language":"en","enabled_languages":["lt","en"],"languages":{"lt":{"title":true,"content":true,"excerpt":false},"en":{"title":false,"content":false,"excerpt":false}}},"_links":{"self":[{"href":"http:\/\/fpv.team\/en\/wp-json\/wp\/v2\/pages\/1265","targetHints":{"allow":["GET"]}}],"collection":[{"href":"http:\/\/fpv.team\/en\/wp-json\/wp\/v2\/pages"}],"about":[{"href":"http:\/\/fpv.team\/en\/wp-json\/wp\/v2\/types\/page"}],"author":[{"embeddable":true,"href":"http:\/\/fpv.team\/en\/wp-json\/wp\/v2\/users\/1"}],"replies":[{"embeddable":true,"href":"http:\/\/fpv.team\/en\/wp-json\/wp\/v2\/comments?post=1265"}],"version-history":[{"count":3,"href":"http:\/\/fpv.team\/en\/wp-json\/wp\/v2\/pages\/1265\/revisions"}],"predecessor-version":[{"id":1338,"href":"http:\/\/fpv.team\/en\/wp-json\/wp\/v2\/pages\/1265\/revisions\/1338"}],"wp:attachment":[{"href":"http:\/\/fpv.team\/en\/wp-json\/wp\/v2\/media?parent=1265"}],"curies":[{"name":"wp","href":"https:\/\/api.w.org\/{rel}","templated":true}]}}