{"id":1258,"date":"2017-07-24T21:14:08","date_gmt":"2017-07-24T19:14:08","guid":{"rendered":"http:\/\/fpv.team\/?page_id=1258"},"modified":"2017-10-11T19:58:41","modified_gmt":"2017-10-11T17:58:41","slug":"ziemos-angaras-2016","status":"publish","type":"page","link":"http:\/\/fpv.team\/en\/archyvas\/ziemos-angaras-2016\/","title":{"rendered":"\u017diemos angaras (2016-2017)"},"content":{"rendered":"<p>Media archyvas i\u0161 2016-2017 met\u0173 LT-FPV <a href=\"https:\/\/fpv.team\/minikopteriai-ziemos-sezonas\/\">\u017eiemos angaro<\/a>.<\/p>\n<p><strong>Foto katalogai<\/strong>:<\/p>\n<ul>\n<li><a href=\"https:\/\/goo.gl\/photos\/KyXDxry5iwXL5zDE8\">Angaro u\u017edarymas<\/a><\/li>\n<li><a href=\"https:\/\/goo.gl\/photos\/qN3q2C7MetKLwLDQ7\">2017.03.01<\/a><\/li>\n<li><a href=\"https:\/\/goo.gl\/photos\/vXA4KnhF91qZnYYt8\">2017.01.29<\/a><\/li>\n<li><a href=\"https:\/\/goo.gl\/photos\/qSRc8sJUskxhiWFi8\">2017.01.25<\/a><\/li>\n<li><a href=\"https:\/\/goo.gl\/photos\/FuXdWkHt2NrbJBiJA\">2017.01.22<\/a><\/li>\n<li><a href=\"https:\/\/photos.app.goo.gl\/p7kFMq1vnvFxnkPK2\">2017.01.04<\/a><\/li>\n<li><a href=\"https:\/\/goo.gl\/photos\/Ni2DUnWfPTbGH2j17\">2016.12.26<\/a><\/li>\n<li><a href=\"https:\/\/goo.gl\/photos\/nqRi1WvKfZrmAeta9\">2016.12.04<\/a><\/li>\n<li><a href=\"https:\/\/goo.gl\/photos\/3FdYAVcuDxQU8vgS7\">2016.11.27<\/a><\/li>\n<li><a href=\"https:\/\/goo.gl\/photos\/2dQWXfJDwPXaQutP9\">2016.11.13<\/a><\/li>\n<li><a href=\"https:\/\/goo.gl\/photos\/BTibyYj6bCpPtG8M8\">2016.10.30<\/a> &#8211; tvarkymas ir <a href=\"https:\/\/goo.gl\/photos\/UX5YsqbiZhmmCAQEA\">prad\u017eia <\/a><\/li>\n<\/ul>\n<p><strong>Video<\/strong>:<\/p>\n<div class=\"entry-content-asset videofit\"><iframe loading=\"lazy\" title=\"[LT-FPV] Winter hangar - grounded (last season bits)\" width=\"500\" height=\"281\" src=\"https:\/\/www.youtube.com\/embed\/LZp895SsAkM?feature=oembed\" frameborder=\"0\" allow=\"accelerometer; autoplay; clipboard-write; encrypted-media; gyroscope; picture-in-picture; web-share\" referrerpolicy=\"strict-origin-when-cross-origin\" allowfullscreen><\/iframe><\/div>\n<div class=\"entry-content-asset videofit\"><iframe loading=\"lazy\" title=\"Winter Hangar - Micro Drone racing\" width=\"500\" height=\"281\" src=\"https:\/\/www.youtube.com\/embed\/VUo89fyVHNY?feature=oembed\" frameborder=\"0\" allow=\"accelerometer; autoplay; clipboard-write; encrypted-media; gyroscope; picture-in-picture; web-share\" referrerpolicy=\"strict-origin-when-cross-origin\" allowfullscreen><\/iframe><\/div>\n<div class=\"entry-content-asset videofit\"><iframe loading=\"lazy\" title=\"[LT-FPV] 2016.12 Winter hangar - HD Bits\" width=\"500\" height=\"281\" src=\"https:\/\/www.youtube.com\/embed\/6zwaXjM_8GE?feature=oembed\" frameborder=\"0\" allow=\"accelerometer; autoplay; clipboard-write; encrypted-media; gyroscope; picture-in-picture; web-share\" referrerpolicy=\"strict-origin-when-cross-origin\" allowfullscreen><\/iframe><\/div>\n<div class=\"entry-content-asset videofit\"><iframe loading=\"lazy\" title=\"[LT-FPV] 2016.11.23 Winter hangar mini-track - 8-type\" width=\"500\" height=\"281\" src=\"https:\/\/www.youtube.com\/embed\/d1KjN0xGH2k?feature=oembed\" frameborder=\"0\" allow=\"accelerometer; autoplay; clipboard-write; encrypted-media; gyroscope; picture-in-picture; web-share\" referrerpolicy=\"strict-origin-when-cross-origin\" allowfullscreen><\/iframe><\/div>\n<div class=\"entry-content-asset videofit\"><iframe loading=\"lazy\" title=\"[LT-FPV] 2016.11.16 Winter hangar mini-track\" width=\"500\" height=\"281\" src=\"https:\/\/www.youtube.com\/embed\/YstlpWjamVY?feature=oembed\" frameborder=\"0\" allow=\"accelerometer; autoplay; clipboard-write; encrypted-media; gyroscope; picture-in-picture; web-share\" referrerpolicy=\"strict-origin-when-cross-origin\" allowfullscreen><\/iframe><\/div>\n<div class=\"entry-content-asset videofit\"><iframe loading=\"lazy\" title=\"[LT-FPV] 2016.11.13 Winter hangar mini-track\" width=\"500\" height=\"281\" src=\"https:\/\/www.youtube.com\/embed\/wD3gOT_fNUY?feature=oembed\" frameborder=\"0\" allow=\"accelerometer; autoplay; clipboard-write; encrypted-media; gyroscope; picture-in-picture; web-share\" referrerpolicy=\"strict-origin-when-cross-origin\" allowfullscreen><\/iframe><\/div>\n<p>&nbsp;<\/p>\n","protected":false},"excerpt":{"rendered":"<p>Media archyvas i\u0161 2016-2017 met\u0173 LT-FPV \u017eiemos angaro. Foto katalogai: Angaro u\u017edarymas 2017.03.01 2017.01.29 2017.01.25 2017.01.22 2017.01.04 2016.12.26 2016.12.04 2016.11.27 2016.11.13 2016.10.30 &#8211; tvarkymas ir prad\u017eia Video: &nbsp;<\/p>\n","protected":false},"author":1,"featured_media":0,"parent":350,"menu_order":0,"comment_status":"closed","ping_status":"closed","template":"","meta":{"footnotes":""},"class_list":["post-1258","page","type-page","status-publish","hentry"],"translation":{"provider":"WPGlobus","version":"3.0.0","language":"en","enabled_languages":["lt","en"],"languages":{"lt":{"title":true,"content":true,"excerpt":false},"en":{"title":false,"content":false,"excerpt":false}}},"_links":{"self":[{"href":"http:\/\/fpv.team\/en\/wp-json\/wp\/v2\/pages\/1258","targetHints":{"allow":["GET"]}}],"collection":[{"href":"http:\/\/fpv.team\/en\/wp-json\/wp\/v2\/pages"}],"about":[{"href":"http:\/\/fpv.team\/en\/wp-json\/wp\/v2\/types\/page"}],"author":[{"embeddable":true,"href":"http:\/\/fpv.team\/en\/wp-json\/wp\/v2\/users\/1"}],"replies":[{"embeddable":true,"href":"http:\/\/fpv.team\/en\/wp-json\/wp\/v2\/comments?post=1258"}],"version-history":[{"count":4,"href":"http:\/\/fpv.team\/en\/wp-json\/wp\/v2\/pages\/1258\/revisions"}],"predecessor-version":[{"id":1329,"href":"http:\/\/fpv.team\/en\/wp-json\/wp\/v2\/pages\/1258\/revisions\/1329"}],"up":[{"embeddable":true,"href":"http:\/\/fpv.team\/en\/wp-json\/wp\/v2\/pages\/350"}],"wp:attachment":[{"href":"http:\/\/fpv.team\/en\/wp-json\/wp\/v2\/media?parent=1258"}],"curies":[{"name":"wp","href":"https:\/\/api.w.org\/{rel}","templated":true}]}}