{"id":1223,"date":"2017-05-07T07:16:55","date_gmt":"2017-05-07T05:16:55","guid":{"rendered":"http:\/\/fpv.team\/?page_id=1223"},"modified":"2017-09-21T09:41:27","modified_gmt":"2017-09-21T07:41:27","slug":"2017-1-lektuvu-lenktyniu-media","status":"publish","type":"page","link":"http:\/\/fpv.team\/en\/2017-1-lektuvu-lenktyniu-media\/","title":{"rendered":"2017-1 plane race media"},"content":{"rendered":"<p><a href=\"http:\/\/fpv.team\/wp-content\/uploads\/2017\/05\/izlike.jpg\"><img loading=\"lazy\" decoding=\"async\" class=\"alignnone size-large wp-image-1215\" src=\"http:\/\/fpv.team\/wp-content\/uploads\/2017\/05\/izlike-1024x683.jpg\" alt=\"\" width=\"1024\" height=\"683\" srcset=\"http:\/\/fpv.team\/wp-content\/uploads\/2017\/05\/izlike-1024x683.jpg 1024w, http:\/\/fpv.team\/wp-content\/uploads\/2017\/05\/izlike-300x200.jpg 300w, http:\/\/fpv.team\/wp-content\/uploads\/2017\/05\/izlike-768x512.jpg 768w, http:\/\/fpv.team\/wp-content\/uploads\/2017\/05\/izlike.jpg 2048w\" sizes=\"auto, (max-width: 1024px) 100vw, 1024px\" \/><\/a><\/p>\n<h3>Promo:<\/h3>\n<div class=\"entry-content-asset videofit\"><iframe loading=\"lazy\" title=\"LT-FPV_PLANE RACE 2017_TEASER\" width=\"500\" height=\"281\" src=\"https:\/\/www.youtube.com\/embed\/q8j6xVXULdU?feature=oembed\" frameborder=\"0\" allow=\"accelerometer; autoplay; clipboard-write; encrypted-media; gyroscope; picture-in-picture; web-share\" referrerpolicy=\"strict-origin-when-cross-origin\" allowfullscreen><\/iframe><\/div>\n<div class=\"entry-content-asset videofit\"><iframe loading=\"lazy\" title=\"[LT-FPV]Plane race 2017-1, gear check\" width=\"500\" height=\"281\" src=\"https:\/\/www.youtube.com\/embed\/qkyb_9b0t8Q?feature=oembed\" frameborder=\"0\" allow=\"accelerometer; autoplay; clipboard-write; encrypted-media; gyroscope; picture-in-picture; web-share\" referrerpolicy=\"strict-origin-when-cross-origin\" allowfullscreen><\/iframe><\/div>\n<div class=\"entry-content-asset videofit\"><iframe loading=\"lazy\" title=\"Coming Soon - LT-FPV - Airplane race 2017-1\" width=\"500\" height=\"281\" src=\"https:\/\/www.youtube.com\/embed\/F7uUnaCKTJU?feature=oembed\" frameborder=\"0\" allow=\"accelerometer; autoplay; clipboard-write; encrypted-media; gyroscope; picture-in-picture; web-share\" referrerpolicy=\"strict-origin-when-cross-origin\" allowfullscreen><\/iframe><\/div>\n<div class=\"entry-content-asset videofit\"><iframe loading=\"lazy\" title=\"[LT-FPV] Plane race track test, gatecrasher edition\" width=\"500\" height=\"281\" src=\"https:\/\/www.youtube.com\/embed\/kKsZIx6r9Wc?feature=oembed\" frameborder=\"0\" allow=\"accelerometer; autoplay; clipboard-write; encrypted-media; gyroscope; picture-in-picture; web-share\" referrerpolicy=\"strict-origin-when-cross-origin\" allowfullscreen><\/iframe><\/div>\n<div class=\"entry-content-asset videofit\"><iframe loading=\"lazy\" title=\"LT-FPV] Plane race 2017-1 - &quot;noob race&quot; intro\" width=\"500\" height=\"281\" src=\"https:\/\/www.youtube.com\/embed\/xGjRkztB2-E?feature=oembed\" frameborder=\"0\" allow=\"accelerometer; autoplay; clipboard-write; encrypted-media; gyroscope; picture-in-picture; web-share\" referrerpolicy=\"strict-origin-when-cross-origin\" allowfullscreen><\/iframe><\/div>\n<h3>Rungtyni\u0173 video:<\/h3>\n<div class=\"entry-content-asset videofit\"><iframe loading=\"lazy\" title=\"[LT-FPV] Plane race (2017-1) timelapse video\" width=\"500\" height=\"281\" src=\"https:\/\/www.youtube.com\/embed\/HCS_4TrzT5o?feature=oembed\" frameborder=\"0\" allow=\"accelerometer; autoplay; clipboard-write; encrypted-media; gyroscope; picture-in-picture; web-share\" referrerpolicy=\"strict-origin-when-cross-origin\" allowfullscreen><\/iframe><\/div>\n<h3>Sus\u012fj\u0119 video, naudojantys pirm\u0173j\u0173 lenktyni\u0173 turin\u012f:<\/h3>\n<div class=\"entry-content-asset videofit\"><iframe loading=\"lazy\" title=\"[LT-FPV] Plane race 2017-2 - intro\" width=\"500\" height=\"281\" src=\"https:\/\/www.youtube.com\/embed\/si81tQ_qfcg?feature=oembed\" frameborder=\"0\" allow=\"accelerometer; autoplay; clipboard-write; encrypted-media; gyroscope; picture-in-picture; web-share\" referrerpolicy=\"strict-origin-when-cross-origin\" allowfullscreen><\/iframe><\/div>\n<div class=\"entry-content-asset videofit\"><iframe loading=\"lazy\" title=\"[LT-FPV] Plane race 2017-2\" width=\"500\" height=\"281\" src=\"https:\/\/www.youtube.com\/embed\/tUzg-VN2gLM?feature=oembed\" frameborder=\"0\" allow=\"accelerometer; autoplay; clipboard-write; encrypted-media; gyroscope; picture-in-picture; web-share\" referrerpolicy=\"strict-origin-when-cross-origin\" allowfullscreen><\/iframe><\/div>\n","protected":false},"excerpt":{"rendered":"<p>Promo: Rungtyni\u0173 video: Sus\u012fj\u0119 video, naudojantys pirm\u0173j\u0173 lenktyni\u0173 turin\u012f:<\/p>\n","protected":false},"author":1,"featured_media":0,"parent":0,"menu_order":0,"comment_status":"closed","ping_status":"closed","template":"","meta":{"footnotes":""},"class_list":["post-1223","page","type-page","status-publish","hentry"],"translation":{"provider":"WPGlobus","version":"3.0.0","language":"en","enabled_languages":["lt","en"],"languages":{"lt":{"title":true,"content":true,"excerpt":false},"en":{"title":true,"content":false,"excerpt":false}}},"_links":{"self":[{"href":"http:\/\/fpv.team\/en\/wp-json\/wp\/v2\/pages\/1223","targetHints":{"allow":["GET"]}}],"collection":[{"href":"http:\/\/fpv.team\/en\/wp-json\/wp\/v2\/pages"}],"about":[{"href":"http:\/\/fpv.team\/en\/wp-json\/wp\/v2\/types\/page"}],"author":[{"embeddable":true,"href":"http:\/\/fpv.team\/en\/wp-json\/wp\/v2\/users\/1"}],"replies":[{"embeddable":true,"href":"http:\/\/fpv.team\/en\/wp-json\/wp\/v2\/comments?post=1223"}],"version-history":[{"count":4,"href":"http:\/\/fpv.team\/en\/wp-json\/wp\/v2\/pages\/1223\/revisions"}],"predecessor-version":[{"id":1320,"href":"http:\/\/fpv.team\/en\/wp-json\/wp\/v2\/pages\/1223\/revisions\/1320"}],"wp:attachment":[{"href":"http:\/\/fpv.team\/en\/wp-json\/wp\/v2\/media?parent=1223"}],"curies":[{"name":"wp","href":"https:\/\/api.w.org\/{rel}","templated":true}]}}