{"id":1214,"date":"2017-05-06T21:04:15","date_gmt":"2017-05-06T19:04:15","guid":{"rendered":"http:\/\/fpv.team\/?page_id=1214"},"modified":"2017-05-06T21:04:15","modified_gmt":"2017-05-06T19:04:15","slug":"lektuvu-lenktynes-ivyko-rezultatai","status":"publish","type":"page","link":"http:\/\/fpv.team\/en\/lektuvu-lenktynes-ivyko-rezultatai\/","title":{"rendered":"L\u0117ktuv\u0173 lenktyn\u0117s \u012fvyko &#8211; rezultatai!"},"content":{"rendered":"<figure id=\"attachment_1215\" class=\"thumbnail wp-caption alignnone\" style=\"width: 1024px\"><a href=\"http:\/\/fpv.team\/wp-content\/uploads\/2017\/05\/izlike.jpg\"><img loading=\"lazy\" decoding=\"async\" class=\"wp-image-1215 size-large\" src=\"http:\/\/fpv.team\/wp-content\/uploads\/2017\/05\/izlike-1024x683.jpg\" alt=\"\" width=\"1024\" height=\"683\" srcset=\"http:\/\/fpv.team\/wp-content\/uploads\/2017\/05\/izlike-1024x683.jpg 1024w, http:\/\/fpv.team\/wp-content\/uploads\/2017\/05\/izlike-300x200.jpg 300w, http:\/\/fpv.team\/wp-content\/uploads\/2017\/05\/izlike-768x512.jpg 768w, http:\/\/fpv.team\/wp-content\/uploads\/2017\/05\/izlike.jpg 2048w\" sizes=\"auto, (max-width: 1024px) 100vw, 1024px\" \/><\/a><figcaption class=\"caption wp-caption-text\">Antro etapo dalyviai<\/figcaption><\/figure>\n<p>Pirmosios LT-FPV l\u0117ktuv\u0173 lenktyn\u0117s baig\u0117si. Kaip ir visad su &#8220;pirmaisiais&#8221; bandymais ne viskas \u0117josi skland\u017eiai &#8211; gedo technika, buvo v\u0117juota &#8211; bet po pirmojo etapo situacija i\u0161 esm\u0117s pasitais\u0117 ir lenktynes pabaig\u0117m jau visai skland\u017eiai.<\/p>\n<p>A\u010di\u016b visiems dalyvavusiems, taip pat ir tiesiog palaikantiems ar lankytojams. D\u017eiugu, kad kad dauguma nenuleido rank\u0173 jei ka\u017ekas nepavyko ir spar\u010diai keit\u0117 servas, nustatymus ar net l\u0117ktuvus, ir b\u0117go skristi toliau. Kaip visada &#8211; belieka pasakyt, kad &#8220;kit\u0105 kart\u0105 viskas bus i\u0161 esm\u0117s geriau&#8221; \ud83d\ude09<\/p>\n<p>Tuom kartu rezultatai &#8211; sveikinam Oleg\u0105, Roman\u0105, Ar\u0105 susirinkus tikrai \u012fsp\u016bding\u0105 ta\u0161k\u0173 kiek\u012f (Olegas beje u\u017esiregistravo vos kelios dienos prie\u0161 var\u017eybas &#8211; naujokas, o va kaip pasirod\u0117):<\/p>\n<table style=\"height: 258px;\" border=\"1\" width=\"969\">\n<tbody>\n<tr>\n<td width=\"104\"><strong>Dalyvis<\/strong><\/td>\n<td width=\"106\"><strong>1 etapas<\/strong><\/td>\n<td width=\"92\"><strong>2 etapas<\/strong><\/td>\n<td width=\"83\"><strong>vertinimai<\/strong><\/td>\n<td width=\"118\"><strong>Bendras rezultatas<\/strong><\/td>\n<\/tr>\n<tr>\n<td><strong>Olegas<\/strong><\/td>\n<td>474<\/td>\n<td>609<\/td>\n<td>11<\/td>\n<td><strong>1094<\/strong><\/td>\n<\/tr>\n<tr>\n<td><strong>Romanas<\/strong><\/td>\n<td>540<\/td>\n<td>544<\/td>\n<td>6<\/td>\n<td><strong>1090<\/strong><\/td>\n<\/tr>\n<tr>\n<td><strong>Ara<\/strong><\/td>\n<td>535<\/td>\n<td>512<\/td>\n<td>12<\/td>\n<td><strong>1059<\/strong><\/td>\n<\/tr>\n<tr>\n<td><strong>Andrius<\/strong><\/td>\n<td>317<\/td>\n<td>588<\/td>\n<td>11<\/td>\n<td><strong>916<\/strong><\/td>\n<\/tr>\n<tr>\n<td><strong>Audrius<\/strong><\/td>\n<td>488<\/td>\n<td>322<\/td>\n<td>9<\/td>\n<td><strong>819<\/strong><\/td>\n<\/tr>\n<tr>\n<td><strong>Laimonas<\/strong><\/td>\n<td>361<\/td>\n<td>389<\/td>\n<td>22<\/td>\n<td><strong>772<\/strong><\/td>\n<\/tr>\n<tr>\n<td><strong>Tadas<\/strong><\/td>\n<td>182<\/td>\n<td>306<\/td>\n<td>4<\/td>\n<td><strong>352<\/strong><\/td>\n<\/tr>\n<tr>\n<td><strong>Viktoras<\/strong><\/td>\n<td>42<\/td>\n<td>162<\/td>\n<td>21<\/td>\n<td><strong>225<\/strong><\/td>\n<\/tr>\n<\/tbody>\n<\/table>\n","protected":false},"excerpt":{"rendered":"<p>Pirmosios LT-FPV l\u0117ktuv\u0173 lenktyn\u0117s baig\u0117si. Kaip ir visad su &#8220;pirmaisiais&#8221; bandymais ne viskas \u0117josi skland\u017eiai &#8211; gedo technika, buvo v\u0117juota &#8211; bet po pirmojo etapo situacija i\u0161 esm\u0117s pasitais\u0117 ir lenktynes pabaig\u0117m jau visai skland\u017eiai. A\u010di\u016b visiems dalyvavusiems, taip pat &hellip; <a href=\"http:\/\/fpv.team\/en\/lektuvu-lenktynes-ivyko-rezultatai\/\">Continued<\/a><\/p>\n","protected":false},"author":1,"featured_media":0,"parent":0,"menu_order":0,"comment_status":"closed","ping_status":"closed","template":"","meta":{"footnotes":""},"class_list":["post-1214","page","type-page","status-publish","hentry"],"translation":{"provider":"WPGlobus","version":"3.0.0","language":"en","enabled_languages":["lt","en"],"languages":{"lt":{"title":true,"content":true,"excerpt":false},"en":{"title":false,"content":false,"excerpt":false}}},"_links":{"self":[{"href":"http:\/\/fpv.team\/en\/wp-json\/wp\/v2\/pages\/1214","targetHints":{"allow":["GET"]}}],"collection":[{"href":"http:\/\/fpv.team\/en\/wp-json\/wp\/v2\/pages"}],"about":[{"href":"http:\/\/fpv.team\/en\/wp-json\/wp\/v2\/types\/page"}],"author":[{"embeddable":true,"href":"http:\/\/fpv.team\/en\/wp-json\/wp\/v2\/users\/1"}],"replies":[{"embeddable":true,"href":"http:\/\/fpv.team\/en\/wp-json\/wp\/v2\/comments?post=1214"}],"version-history":[{"count":5,"href":"http:\/\/fpv.team\/en\/wp-json\/wp\/v2\/pages\/1214\/revisions"}],"predecessor-version":[{"id":1303,"href":"http:\/\/fpv.team\/en\/wp-json\/wp\/v2\/pages\/1214\/revisions\/1303"}],"wp:attachment":[{"href":"http:\/\/fpv.team\/en\/wp-json\/wp\/v2\/media?parent=1214"}],"curies":[{"name":"wp","href":"https:\/\/api.w.org\/{rel}","templated":true}]}}