{"id":1147,"date":"2017-04-04T14:09:19","date_gmt":"2017-04-04T12:09:19","guid":{"rendered":"http:\/\/fpv.team\/?page_id=1147"},"modified":"2017-04-14T19:19:15","modified_gmt":"2017-04-14T17:19:15","slug":"draugai","status":"publish","type":"page","link":"http:\/\/fpv.team\/en\/draugai\/","title":{"rendered":"Draugai"},"content":{"rendered":"<h3>Partneriai<\/h3>\n<p>M\u016bs\u0173 draugai\/bendramin\u010diai &#8211; <a href=\"https:\/\/www.facebook.com\/groups\/OstikRacingTeam\/\">Ostik Racing Team<\/a>. Su \u0161ia komanda mes glaud\u017eiai bendradarbiaujame ir organizuojame bendrus renginius.<\/p>\n<p>Kadangi komand\u0173 \u0161aknys bendros (Ostik Racing atsikyr\u0117 pirm\u0173 multikopteri\u0173 rungtyni\u0173 metu) &#8211; mus galima laikyti viena komanda, su tokiomis pat taisykl\u0117mis. Trumpai:<\/p>\n<ul>\n<li>komandos neatlygintinai dalinasi bendra \u012franga ir \u017einiomis pagal poreikius, organizuojant bendrus renginius<\/li>\n<li>esant reikalui &#8211; galima daryti rinktin\u0119 i\u0161 komand\u0173 nari\u0173, taisykl\u0117 &#8220;viena komanda vienam nariui&#8221; negalioja<\/li>\n<li>nesutarimai tarp komandos (-\u0173) nari\u0173 negali b\u016bt sprend\u017eiami vie\u0161ai<\/li>\n<li>kiekviena komanda turi savo nari\u0173 s\u0105ra\u0161\u0105 ir savas taisykles, kaip priimami jos nariai<\/li>\n<\/ul>\n<p>&#8220;LT-FPV&#8221; komanda yra orientuota \u012f labai plataus spektro FPV &#8211; l\u0117ktuvai, kopteriai, airbotai, technologijos ir viskas, kas sus\u012fj\u0119 su RC hobiu. &#8220;Ostik Racing Team&#8221; komanda yra labiau orientuota \u012f multikopteri\u0173 lenktynes.<\/p>\n<p>Ostik komandos nari\u0173 s\u0105ra\u0161as:<\/p>\n<ol>\n<li>Arminas Volskis &#8211; ARMIS &#8211; FPV pilotas, Ostik komandos \u012fk\u016br\u0117jas, baud\u0117jas (<a href=\"https:\/\/www.facebook.com\/arminas.volskis?fref=ts\">FB<\/a>).<\/li>\n<li>Arvydas Tomkus &#8211; LIQUIDAS &#8211; FPV pilotas, \u012fk\u016br\u0117jo pavaduotojas, komandos video montuotojas (<a href=\"https:\/\/www.facebook.com\/arvis.turbut\">FB<\/a>).<\/li>\n<li>Mantas \u017ditkus &#8211; \u017dITKUS &#8211; FPV pilotas, tas kur su barzda (<a href=\"https:\/\/www.facebook.com\/vafakin1?fref=ts\">FB<\/a>).<\/li>\n<li>Romualdas Dasevi\u010dius &#8211; MR.69 &#8211; FPV pilotas, laisvalaikiu dau\u017eo Grafenus (<a href=\"https:\/\/www.facebook.com\/romualdas.dasevicius?fref=ts\">FB<\/a>).<\/li>\n<li>Paulius Obolevi\u010dius &#8211; MECH &#8211; FPV pilotas, moko jaunim\u0105 duot Ostyt (<a href=\"https:\/\/www.facebook.com\/paulius.obolevicius?fref=ts\">FB<\/a>).<\/li>\n<li>Arnas Urbonavi\u010dius &#8211; ARNAS &#8211; FPV pilotas, m\u0117gsta HQ propus (<a href=\"https:\/\/www.facebook.com\/arnas.urbo?fref=ts\">FB<\/a>).<\/li>\n<li>Tomas Jurkus &#8211; TJ &#8211; FPV pilotas, Banggood hackeris (<a href=\"https:\/\/www.facebook.com\/tj.005?fref=ts\">FB<\/a>).<\/li>\n<li>Giedrius Meinorius &#8211; MENDOZA &#8211; FPV pilotas, &#8220;flOvas turi b\u016bti kaip plOvas&#8221; (<a href=\"https:\/\/www.facebook.com\/giedrius.meinorius.5?fref=ts\">FB<\/a>).<\/li>\n<\/ol>\n<h3>Draugai<\/h3>\n<p>Komandos, su kuriomis bendradarbiaujame:<\/p>\n<ul>\n<li><a href=\"https:\/\/www.facebook.com\/DroneRacingLatvia\/\">Drone Racing Latvia<\/a><\/li>\n<li><a href=\"https:\/\/www.facebook.com\/fpveee\/\">Estijos komanda<\/a><\/li>\n<\/ul>\n","protected":false},"excerpt":{"rendered":"<p>Partneriai M\u016bs\u0173 draugai\/bendramin\u010diai &#8211; Ostik Racing Team. Su \u0161ia komanda mes glaud\u017eiai bendradarbiaujame ir organizuojame bendrus renginius. Kadangi komand\u0173 \u0161aknys bendros (Ostik Racing atsikyr\u0117 pirm\u0173 multikopteri\u0173 rungtyni\u0173 metu) &#8211; mus galima laikyti viena komanda, su tokiomis pat taisykl\u0117mis. Trumpai: komandos &hellip; <a href=\"http:\/\/fpv.team\/en\/draugai\/\">Continued<\/a><\/p>\n","protected":false},"author":1,"featured_media":0,"parent":0,"menu_order":0,"comment_status":"closed","ping_status":"closed","template":"","meta":{"footnotes":""},"class_list":["post-1147","page","type-page","status-publish","hentry"],"translation":{"provider":"WPGlobus","version":"3.0.0","language":"en","enabled_languages":["lt","en"],"languages":{"lt":{"title":true,"content":true,"excerpt":false},"en":{"title":false,"content":false,"excerpt":false}}},"_links":{"self":[{"href":"http:\/\/fpv.team\/en\/wp-json\/wp\/v2\/pages\/1147","targetHints":{"allow":["GET"]}}],"collection":[{"href":"http:\/\/fpv.team\/en\/wp-json\/wp\/v2\/pages"}],"about":[{"href":"http:\/\/fpv.team\/en\/wp-json\/wp\/v2\/types\/page"}],"author":[{"embeddable":true,"href":"http:\/\/fpv.team\/en\/wp-json\/wp\/v2\/users\/1"}],"replies":[{"embeddable":true,"href":"http:\/\/fpv.team\/en\/wp-json\/wp\/v2\/comments?post=1147"}],"version-history":[{"count":6,"href":"http:\/\/fpv.team\/en\/wp-json\/wp\/v2\/pages\/1147\/revisions"}],"predecessor-version":[{"id":1166,"href":"http:\/\/fpv.team\/en\/wp-json\/wp\/v2\/pages\/1147\/revisions\/1166"}],"wp:attachment":[{"href":"http:\/\/fpv.team\/en\/wp-json\/wp\/v2\/media?parent=1147"}],"curies":[{"name":"wp","href":"https:\/\/api.w.org\/{rel}","templated":true}]}}