{"id":1090,"date":"2017-02-16T20:48:05","date_gmt":"2017-02-16T18:48:05","guid":{"rendered":"http:\/\/fpv.team\/?page_id=1090"},"modified":"2017-02-16T20:48:05","modified_gmt":"2017-02-16T18:48:05","slug":"dalyvio-registracija-i-lektuvu-lenktynes-2017-1","status":"publish","type":"page","link":"http:\/\/fpv.team\/en\/lenktynes\/2017-1-lektuvu-lenktynes\/dalyvio-registracija-i-lektuvu-lenktynes-2017-1\/","title":{"rendered":"Dalyvio registracija \u012f l\u0117ktuv\u0173 lenktynes (2017-1)"},"content":{"rendered":"<p style=\"text-align: justify;\">Norime i\u0161siai\u0161kinti, kuri data tinka daugumai dalyvi\u0173, o taip pat \u017einoti preliminar\u0173 dalyvi\u0173 skai\u010di\u0173. \u017dinodami dalyvi\u0173 skai\u010di\u0173 gal\u0117sime lanks\u010diau organizuoti grupes, o \u017einodami da\u017enius &#8211; paskirstyti pilotus taip, kad nekilt\u0173 ry\u0161io problem\u0173.<\/p>\n<p style=\"text-align: justify;\">Lai\u0161k\u0173 be svarbaus reikalo nesiun\u010diame, susisieksime tik tuo atveju, jei bus svarbi\u0173 pakeitim\u0173 taisykl\u0117se.<\/p>\n<p style=\"text-align: justify;\">Jeigu turite klausim\u0173,\u00a0id\u0117j\u0173, pasi\u016blym\u0173 arba norite prisid\u0117ti prie lenktyni\u0173 organizavimo b\u016btinai vis\u0105 tai sura\u0161ykite \u012f laukel\u012f &#8220;Pastabos ir komentarai&#8221;.<\/p>\n<p style=\"text-align: justify;\"><div style=\"display:none\" class=\"fm-form-container fm-theme10\"><div id=\"fm-pages14\" class=\"fm-pages wdform_page_navigation \" show_title=\"false\" show_numbers=\"true\" type=\"none\"><\/div><form name=\"form14\" action=\"\/en\/wp-json\/wp\/v2\/pages\/1090\" method=\"post\" id=\"form14\" class=\"fm-form form14  \" enctype=\"multipart\/form-data\"><input type=\"hidden\" id=\"fm_page_id14\" value=\"1090\" name=\"fm_page_id14\" \/><input type=\"hidden\" id=\"fm_current_post_type14\" value=\"page\" name=\"fm_current_post_type14\" \/><input type=\"hidden\" id=\"counter14\" value=\"10\" name=\"counter14\" \/><input type=\"hidden\" id=\"Itemid14\" value=\"\" name=\"Itemid14\" \/><input type=\"hidden\" id=\"fm_shake14\" value=\"1\" name=\"fm_shake14\" \/><input type=\"text\" class=\"fm-hide\" id=\"fm_empty_field_validation14\" value=\"\" name=\"fm_empty_field_validation14\" data-value=\"bd736efb144d599cf463541431fbf5c4\" \/><div class=\"wdform-page-and-images\" style=\"display:table; border-top:0px solid black;\"><div id=\"14form_view1\" class=\"wdform_page\" page_title=\"Untitled page\" next_title=\"Next\" next_type=\"text\" next_class=\"wdform-page-button\" next_checkable=\"false\" previous_title=\"Previous\" previous_type=\"text\" previous_class=\"wdform-page-button\" previous_checkable=\"false\"><div class=\"wdform_section\"><div class=\"wdform_column \"><div style=\"\" class=\"wdform_row \" wdid=\"1\"><div type=\"type_name\" class=\"wdform-field wd-width-100 wd-flex wd-flex-column fm-type_name\" ><div class=\"wdform-label-section wd-width-100  wd-flex-row\" style=\"max-width: 110px;\">    <label  for=\"wdform_1_element_first14\" class=\"wdform-label\">Dalyvis:<\/label><\/div><div class=\"wdform-element-section wd-flex  wd-flex-row wd-width-100\" style=\"max-width: 160px;\"><div class=\"wd-flex wd-flex-column wd-width-50\"><input type=\"text\" class=\"wd-width-100\" id=\"wdform_1_element_first14\" name=\"wdform_1_element_first14\" data-value=\"\" value=\"\" title=\"\" placeholder=\"\"  \/><label class=\"mini_label\" for=\"wdform_1_element_first14\">Vardas<\/label><\/div><div class=\"wd-flex wd-flex-column wd-name-separator\"><\/div><div class=\"wd-flex wd-flex-column wd-width-50\"><input type=\"text\" class=\"wd-width-100\" id=\"wdform_1_element_last14\" name=\"wdform_1_element_last14\" data-value=\"\" value=\"\" title=\"\" placeholder=\"\"  \/><label class=\"mini_label\" for=\"wdform_1_element_last14\">Pavard\u0117<\/label><\/div><\/div><\/div><\/div><div class=\"wdform_row \" wdid=\"5\"><div type=\"type_submitter_mail\" class=\"wdform-field wd-width-100 wd-flex wd-flex-column fm-type_submitter_mail\" ><div class=\"wdform-label-section wd-width-100  wd-flex-row\" style=\"max-width: 320px;\">    <label  for=\"wdform_5_element14\" class=\"wdform-label\">Elektroninis pa\u0161tas:<\/label><span class=\"wdform-required\">*<\/span><\/div><div class=\"wdform-element-section wd-flex  wd-flex-row wd-width-100\" style=\"max-width: 320px;\"><input type=\"text\" class=\"wd-width-100\" id=\"wdform_5_element14\" name=\"wdform_5_element14\" data-value=\"\" value=\"\" title=\"\" placeholder=\"\"   onchange=\"wd_check_email('5', '14', 'This is not a valid email address.')\" \/><\/div><\/div><\/div><div style=\"\" class=\"wdform_row \" wdid=\"9\"><div type=\"type_checkbox\" class=\"wdform-field wd-width-100 wd-flex wd-flex-column fm-type_checkbox\" ><div class=\"wdform-label-section wd-width-100  wd-flex-wrap wd-flex-column\" style=\"max-width: 320px;\">    <label  class=\"wdform-label\">Tinkamos datos (galima pa\u017eym\u0117ti kelias):<\/label><\/div><div class=\"wdform-element-section wd-flex  wd-flex-wrap wd-flex-column wd-width-100\" ><div class=\"wd-flex wd-flex-column\"><input type=\"hidden\" name=\"wdform_9_element14\" value=\"\" \/><div class=\"checkbox-div wd-choice wd-flex wd-flex-row-reverse wd-justify-content\"><input type=\"checkbox\"  id=\"wdform_9_element140\" name=\"wdform_9_element140\" value=\"04.22\"    \/><label class=\"wd-align-items-center wd-flex wd-flex-row-reverse wd-justify-content wd-width-100\" for=\"wdform_9_element140\"><span><\/span>04.22<\/label><\/div><div class=\"checkbox-div wd-choice wd-flex wd-flex-row-reverse wd-justify-content\"><input type=\"checkbox\"  id=\"wdform_9_element141\" name=\"wdform_9_element141\" value=\"04.29\"    \/><label class=\"wd-align-items-center wd-flex wd-flex-row-reverse wd-justify-content wd-width-100\" for=\"wdform_9_element141\"><span><\/span>04.29<\/label><\/div><div class=\"checkbox-div wd-choice wd-flex wd-flex-row-reverse wd-justify-content\"><input type=\"checkbox\"  id=\"wdform_9_element142\" name=\"wdform_9_element142\" value=\"05.06\"    \/><label class=\"wd-align-items-center wd-flex wd-flex-row-reverse wd-justify-content wd-width-100\" for=\"wdform_9_element142\"><span><\/span>05.06<\/label><\/div><div class=\"checkbox-div wd-choice wd-flex wd-flex-row-reverse wd-justify-content\"><input type=\"checkbox\"  id=\"wdform_9_element143\" name=\"wdform_9_element143\" value=\"05.13\"    \/><label class=\"wd-align-items-center wd-flex wd-flex-row-reverse wd-justify-content wd-width-100\" for=\"wdform_9_element143\"><span><\/span>05.13<\/label><\/div><\/div><\/div><\/div><\/div><div style=\"\" class=\"wdform_row \" wdid=\"6\"><div type=\"type_textarea\" class=\"wdform-field wd-width-100 wd-flex wd-flex-column fm-type_textarea\" ><div class=\"wdform-label-section wd-width-100 \" style=\"max-width: 320px;\">    <label  for=\"wdform_6_element14\" class=\"wdform-label\">Pastabos ir komentarai, nurodykite savo turim\u0105 FPV video da\u017en\u012f, jei jo keisti negalite:<\/label><\/div><div class=\"wdform-element-section wd-flex  wd-width-100\" style=\"max-width: 190px;\"><textarea class=\"wd-width-100\"                      id=\"wdform_6_element14\"                      name=\"wdform_6_element14\"                      placeholder=\"\"                      data-value=\"\"                      maxlength=\"\"                      style=\"height: 87px;\"                      ><\/textarea><\/div><\/div><\/div><div style=\"\" class=\"wdform_row \" wdid=\"2\"><div type=\"type_captcha\" class=\"wdform-field wd-width-100 wd-flex wd-flex-column fm-type_captcha\" ><div class=\"wdform-label-section wd-width-100  wd-flex-row wd-align-items-center\" style=\"max-width: 320px;\">    <label  for=\"wd_captcha_input14\" class=\"wdform-label\">\u012eveskite raides i\u0161 paveiksliuko:<\/label><\/div><div class=\"wdform-element-section wd-flex  wd-flex-row wd-align-items-center wd-width-100\" ><img decoding=\"async\" type=\"captcha\"                           digit=\"6\"                           src=\" http:\/\/fpv.team\/wp-admin\/admin-ajax.php?action=formmakerwdcaptcha&digit=6&i=14\"                           id=\"wd_captcha14\"                           class=\"captcha_img wd-hidden\"                            \/><div class=\"captcha_refresh\" id=\"_element_refresh14\" ><\/div><input type=\"text\"                              class=\"captcha_input\"                              id=\"wd_captcha_input14\"                              name=\"captcha_input\"                              style=\"width: 80px;\"                               \/><\/div><\/div><\/div><div class=\"wdform_row \" wdid=\"3\"><div type=\"type_submit_reset\" class=\"wdform-field wd-width-100 wd-flex wd-flex-column fm-type_submit_reset\" ><div class=\"wdform-element-section wd-flex  wd-flex-row wd-width-100\" ><button  type=\"button\" class=\"button-submit\" onclick=\"fm_submit_form('14');\"  data-ajax=\"0\"><span class=\"fm-submit-loading spinner fm-ico-spinner\"><\/span>Submit<\/button><button  type=\"button\" class=\"button-reset \" onclick=\"fm_reset_form(14);\" >Reset<\/button><\/div><\/div><\/div><\/div><\/div><div valign=\"top\" class=\"wdform_footer\" style=\"width: 100%;\"><div style=\"width: 100%;\"><div style=\"width: 100%; display: table; padding-top:10px;\"><div style=\"display: table-row-group;\"><div id=\"14page_nav1\" style=\"display: table-row;\"><\/div><\/div><\/div><\/div><\/div><\/div><\/div><div class=\"wdform_preload\"><\/div><input type=\"hidden\" name=\"fm-current-page\" value=\"http:\/\/fpv.team\/en\/wp-json\/wp\/v2\/pages\/1090\" \/><\/form><\/div>\n","protected":false},"excerpt":{"rendered":"<p>Norime i\u0161siai\u0161kinti, kuri data tinka daugumai dalyvi\u0173, o taip pat \u017einoti preliminar\u0173 dalyvi\u0173 skai\u010di\u0173. \u017dinodami dalyvi\u0173 skai\u010di\u0173 gal\u0117sime lanks\u010diau organizuoti grupes, o \u017einodami da\u017enius &#8211; paskirstyti pilotus taip, kad nekilt\u0173 ry\u0161io problem\u0173. Lai\u0161k\u0173 be svarbaus reikalo nesiun\u010diame, susisieksime tik tuo &hellip; <a href=\"http:\/\/fpv.team\/en\/lenktynes\/2017-1-lektuvu-lenktynes\/dalyvio-registracija-i-lektuvu-lenktynes-2017-1\/\">Continued<\/a><\/p>\n","protected":false},"author":1,"featured_media":0,"parent":1065,"menu_order":0,"comment_status":"closed","ping_status":"closed","template":"","meta":{"footnotes":""},"class_list":["post-1090","page","type-page","status-publish","hentry"],"translation":{"provider":"WPGlobus","version":"3.0.0","language":"en","enabled_languages":["lt","en"],"languages":{"lt":{"title":true,"content":true,"excerpt":false},"en":{"title":false,"content":false,"excerpt":false}}},"_links":{"self":[{"href":"http:\/\/fpv.team\/en\/wp-json\/wp\/v2\/pages\/1090","targetHints":{"allow":["GET"]}}],"collection":[{"href":"http:\/\/fpv.team\/en\/wp-json\/wp\/v2\/pages"}],"about":[{"href":"http:\/\/fpv.team\/en\/wp-json\/wp\/v2\/types\/page"}],"author":[{"embeddable":true,"href":"http:\/\/fpv.team\/en\/wp-json\/wp\/v2\/users\/1"}],"replies":[{"embeddable":true,"href":"http:\/\/fpv.team\/en\/wp-json\/wp\/v2\/comments?post=1090"}],"version-history":[{"count":2,"href":"http:\/\/fpv.team\/en\/wp-json\/wp\/v2\/pages\/1090\/revisions"}],"predecessor-version":[{"id":1092,"href":"http:\/\/fpv.team\/en\/wp-json\/wp\/v2\/pages\/1090\/revisions\/1092"}],"up":[{"embeddable":true,"href":"http:\/\/fpv.team\/en\/wp-json\/wp\/v2\/pages\/1065"}],"wp:attachment":[{"href":"http:\/\/fpv.team\/en\/wp-json\/wp\/v2\/media?parent=1090"}],"curies":[{"name":"wp","href":"https:\/\/api.w.org\/{rel}","templated":true}]}}