{"id":1074,"date":"2017-02-15T23:07:28","date_gmt":"2017-02-15T21:07:28","guid":{"rendered":"http:\/\/fpv.team\/?page_id=1074"},"modified":"2017-04-14T08:25:30","modified_gmt":"2017-04-14T06:25:30","slug":"lektuvu-trasa-vietove-2017-1","status":"publish","type":"page","link":"http:\/\/fpv.team\/en\/lenktynes\/2017-1-lektuvu-lenktynes\/lektuvu-trasa-vietove-2017-1\/","title":{"rendered":"L\u0117ktuv\u0173 trasa, vietov\u0117 (2017-1)"},"content":{"rendered":"<p>Var\u017eyb\u0173 vieta: <a href=\"https:\/\/goo.gl\/maps\/2bdFQGk2qvL2\">https:\/\/goo.gl\/maps\/2bdFQGk2qvL2<\/a><\/p>\n<p>D\u0117l vietos naudojimo susitarta su savininku. Koordinat\u0117s (jei kam neveikia \u017eem\u0117lapio nuoroda):<\/p>\n<p><strong>54.878331, 25.518120<\/strong><\/p>\n<p>Trasos schema:<\/p>\n<p><a href=\"http:\/\/fpv.team\/wp-content\/uploads\/2017\/02\/plane_track_3_.jpg\"><img loading=\"lazy\" decoding=\"async\" class=\"alignnone size-large wp-image-1158\" src=\"http:\/\/fpv.team\/wp-content\/uploads\/2017\/02\/plane_track_3_-1024x618.jpg\" alt=\"\" width=\"1024\" height=\"618\" srcset=\"http:\/\/fpv.team\/wp-content\/uploads\/2017\/02\/plane_track_3_-1024x618.jpg 1024w, http:\/\/fpv.team\/wp-content\/uploads\/2017\/02\/plane_track_3_-300x181.jpg 300w, http:\/\/fpv.team\/wp-content\/uploads\/2017\/02\/plane_track_3_-768x463.jpg 768w\" sizes=\"auto, (max-width: 1024px) 100vw, 1024px\" \/><\/a><\/p>\n<p>Tur\u0117kite omenyje, kad norint atpa\u017einti objekt\u0105 &#8211; reiks nusileisti pakankamai \u017eemai ir mi\u0161kas gali kliudyti valdymui\/video transliacijai. B\u016bkite tam pasiruo\u0161\u0119 (pvz. galima tur\u0117ti tinkam\u0105 transliavimo \u012franga, arba kelias kameras, i\u0161 kuri\u0173 viena yra su tele objektyvu ar kt. priemon\u0117mis), arba tiesiog apskriskite objektus i\u0161 auk\u0161tai ir atsisakykite potencialiai gaunam\u0173 ta\u0161k\u0173. Tinkam\u0105 strategij\u0105 si\u016blome apgalvoti i\u0161 anksto.<\/p>\n","protected":false},"excerpt":{"rendered":"<p>Var\u017eyb\u0173 vieta: https:\/\/goo.gl\/maps\/2bdFQGk2qvL2 D\u0117l vietos naudojimo susitarta su savininku. Koordinat\u0117s (jei kam neveikia \u017eem\u0117lapio nuoroda): 54.878331, 25.518120 Trasos schema: Tur\u0117kite omenyje, kad norint atpa\u017einti objekt\u0105 &#8211; reiks nusileisti pakankamai \u017eemai ir mi\u0161kas gali kliudyti valdymui\/video transliacijai. B\u016bkite tam pasiruo\u0161\u0119 (pvz. &hellip; <a href=\"http:\/\/fpv.team\/en\/lenktynes\/2017-1-lektuvu-lenktynes\/lektuvu-trasa-vietove-2017-1\/\">Continued<\/a><\/p>\n","protected":false},"author":1,"featured_media":0,"parent":1065,"menu_order":0,"comment_status":"open","ping_status":"closed","template":"","meta":{"footnotes":""},"class_list":["post-1074","page","type-page","status-publish","hentry"],"translation":{"provider":"WPGlobus","version":"3.0.0","language":"en","enabled_languages":["lt","en"],"languages":{"lt":{"title":true,"content":true,"excerpt":false},"en":{"title":false,"content":false,"excerpt":false}}},"_links":{"self":[{"href":"http:\/\/fpv.team\/en\/wp-json\/wp\/v2\/pages\/1074","targetHints":{"allow":["GET"]}}],"collection":[{"href":"http:\/\/fpv.team\/en\/wp-json\/wp\/v2\/pages"}],"about":[{"href":"http:\/\/fpv.team\/en\/wp-json\/wp\/v2\/types\/page"}],"author":[{"embeddable":true,"href":"http:\/\/fpv.team\/en\/wp-json\/wp\/v2\/users\/1"}],"replies":[{"embeddable":true,"href":"http:\/\/fpv.team\/en\/wp-json\/wp\/v2\/comments?post=1074"}],"version-history":[{"count":7,"href":"http:\/\/fpv.team\/en\/wp-json\/wp\/v2\/pages\/1074\/revisions"}],"predecessor-version":[{"id":1157,"href":"http:\/\/fpv.team\/en\/wp-json\/wp\/v2\/pages\/1074\/revisions\/1157"}],"up":[{"embeddable":true,"href":"http:\/\/fpv.team\/en\/wp-json\/wp\/v2\/pages\/1065"}],"wp:attachment":[{"href":"http:\/\/fpv.team\/en\/wp-json\/wp\/v2\/media?parent=1074"}],"curies":[{"name":"wp","href":"https:\/\/api.w.org\/{rel}","templated":true}]}}