{"id":1065,"date":"2017-02-15T22:54:53","date_gmt":"2017-02-15T20:54:53","guid":{"rendered":"http:\/\/fpv.team\/?page_id=1065"},"modified":"2017-02-15T22:58:31","modified_gmt":"2017-02-15T20:58:31","slug":"2017-1-lektuvu-lenktynes","status":"publish","type":"page","link":"http:\/\/fpv.team\/en\/lenktynes\/2017-1-lektuvu-lenktynes\/","title":{"rendered":"L\u0117ktuv\u0173 lenktyn\u0117s (2017-1)"},"content":{"rendered":"<p>Pasirinkite i\u0161 meniu vir\u0161uje:<\/p>\n<p>&#8211; taisykl\u0117s<\/p>\n<p>&#8211; trasa<\/p>\n<p>&#8211; registracija<\/p>\n","protected":false},"excerpt":{"rendered":"<p>Pasirinkite i\u0161 meniu vir\u0161uje: &#8211; taisykl\u0117s &#8211; trasa &#8211; registracija<\/p>\n","protected":false},"author":1,"featured_media":0,"parent":35,"menu_order":0,"comment_status":"closed","ping_status":"closed","template":"","meta":{"footnotes":""},"class_list":["post-1065","page","type-page","status-publish","hentry"],"translation":{"provider":"WPGlobus","version":"3.0.0","language":"en","enabled_languages":["lt","en"],"languages":{"lt":{"title":true,"content":true,"excerpt":false},"en":{"title":false,"content":false,"excerpt":false}}},"_links":{"self":[{"href":"http:\/\/fpv.team\/en\/wp-json\/wp\/v2\/pages\/1065","targetHints":{"allow":["GET"]}}],"collection":[{"href":"http:\/\/fpv.team\/en\/wp-json\/wp\/v2\/pages"}],"about":[{"href":"http:\/\/fpv.team\/en\/wp-json\/wp\/v2\/types\/page"}],"author":[{"embeddable":true,"href":"http:\/\/fpv.team\/en\/wp-json\/wp\/v2\/users\/1"}],"replies":[{"embeddable":true,"href":"http:\/\/fpv.team\/en\/wp-json\/wp\/v2\/comments?post=1065"}],"version-history":[{"count":3,"href":"http:\/\/fpv.team\/en\/wp-json\/wp\/v2\/pages\/1065\/revisions"}],"predecessor-version":[{"id":1156,"href":"http:\/\/fpv.team\/en\/wp-json\/wp\/v2\/pages\/1065\/revisions\/1156"}],"up":[{"embeddable":true,"href":"http:\/\/fpv.team\/en\/wp-json\/wp\/v2\/pages\/35"}],"wp:attachment":[{"href":"http:\/\/fpv.team\/en\/wp-json\/wp\/v2\/media?parent=1065"}],"curies":[{"name":"wp","href":"https:\/\/api.w.org\/{rel}","templated":true}]}}